{"id":867,"date":"2024-05-10T20:12:31","date_gmt":"2024-05-10T20:12:31","guid":{"rendered":"https:\/\/icmld.com\/?page_id=867"},"modified":"2024-05-10T20:31:26","modified_gmt":"2024-05-10T20:31:26","slug":"call-for-papers-2","status":"publish","type":"page","link":"https:\/\/icmld.com\/tr\/1st-international-congress\/call-for-papers-2\/","title":{"rendered":"\u00c7a\u011fr\u0131 Metni"},"content":{"rendered":"<div data-elementor-type=\"wp-page\" data-elementor-id=\"867\" class=\"elementor elementor-867\" data-elementor-post-type=\"page\">\n\t\t\t\t\t\t\t\t\t<section class=\"elementor-section elementor-top-section elementor-element elementor-element-f47a728 elementor-section-stretched elementor-section-boxed elementor-section-height-default elementor-section-height-default\" data-id=\"f47a728\" data-element_type=\"section\" data-settings=\"{&quot;stretch_section&quot;:&quot;section-stretched&quot;}\">\n\t\t\t\t\t\t<div class=\"elementor-container elementor-column-gap-default\">\n\t\t\t\t\t<div class=\"aux-parallax-section elementor-column elementor-col-100 elementor-top-column elementor-element elementor-element-d116aaa\" data-id=\"d116aaa\" data-element_type=\"column\">\n\t\t\t<div class=\"elementor-widget-wrap elementor-element-populated\">\n\t\t\t\t\t\t\t\t<div class=\"elementor-element elementor-element-58f0f2f elementor-widget elementor-widget-heading\" data-id=\"58f0f2f\" data-element_type=\"widget\" data-widget_type=\"heading.default\">\n\t\t\t\t<div class=\"elementor-widget-container\">\n\t\t\t<h2 class=\"elementor-heading-title elementor-size-default\">\u00c7a\u011fr\u0131 Metni<\/h2>\t\t<\/div>\n\t\t\t\t<\/div>\n\t\t\t\t<div class=\"elementor-element elementor-element-451c059 elementor-widget elementor-widget-text-editor\" data-id=\"451c059\" data-element_type=\"widget\" data-widget_type=\"text-editor.default\">\n\t\t\t\t<div class=\"elementor-widget-container\">\n\t\t\t\t\t\t\t<p class=\" translation-block\">Uluslararas\u0131 Matematik \u00d6\u011frenme G\u00fc\u00e7l\u00fc\u011f\u00fc Kongresi (IC-MLD), d\u00fcnyan\u0131n her taraf\u0131ndan matematik \u00f6\u011frenme g\u00fc\u00e7l\u00fc\u011f\u00fc \u00fczerine \u00e7al\u0131\u015fmalar y\u00fcr\u00fcten uzmanlar\u0131 bir araya getirerek, g\u00fcncel \u00e7al\u0131\u015fmalar\u0131n\u0131 ve deneyimlerini payla\u015fmalar\u0131na katk\u0131 sa\u011flamay\u0131 ama\u00e7lamaktad\u0131r. Bu ama\u00e7 do\u011frultusunda kongrenin ana temas\u0131 \"Sosyal Adalet Ba\u011flam\u0131nda Matematik \u00d6\u011frenme G\u00fc\u00e7l\u00fc\u011f\u00fc\" olarak belirlenmi\u015ftir. Bu ana tema \u00e7er\u00e7evesinde belirlenen kapsam a\u015fa\u011f\u0131da sunulmu\u015ftur.<\/p><p>Sosyal Adaletin \u0130n\u015fas\u0131nda Matematik \u00d6\u011frenmenin Rol\u00fc<\/p><p>Bir \u0130nsan Hakk\u0131 Olarak Matematik<\/p><p>Psikolojik Boyutlar\u0131yla Matematik \u00d6\u011frenme G\u00fc\u00e7l\u00fc\u011f\u00fc<\/p><p>Matematik \u00d6\u011frenme G\u00fc\u00e7l\u00fc\u011f\u00fc ve Sinirbilim Ara\u015ft\u0131rmalar\u0131<\/p><p>Matematik \u00d6\u011frenme G\u00fc\u00e7l\u00fc\u011f\u00fc ve Kapsay\u0131c\u0131 E\u011fitim<\/p><p>Matematik \u00d6\u011frenme G\u00fc\u00e7l\u00fc\u011f\u00fc ve Ebeveynlik<\/p><p>Matematik \u00d6\u011frenme G\u00fc\u00e7l\u00fc\u011f\u00fc ve \u00d6\u011fretmen Yeterlilikleri<\/p><p>Matematik \u00d6\u011frenme G\u00fc\u00e7l\u00fc\u011f\u00fc ve K\u00fclt\u00fcr<\/p><p>Matematik \u00d6\u011frenme G\u00fc\u00e7l\u00fc\u011f\u00fcn\u00fcn G\u00fcndelik Ya\u015fama Etkileri<\/p>\t\t\t\t\t\t<\/div>\n\t\t\t\t<\/div>\n\t\t\t\t\t<\/div>\n\t\t<\/div>\n\t\t\t\t\t\t\t<\/div>\n\t\t<\/section>\n\t\t\t\t\t\t\t<\/div>","protected":false},"excerpt":{"rendered":"<p>CALL FOR PAPERS The International Congress of Mathematics Learning Difficulties\u00a0(IC-MLD) aims to bring together experts working on mathematics learning disabilities from all over the world and to contribute to the sharing of their current studies and experiences. For this purpose, the main theme of the congress was determined as &#8220;Mathematics Learning Disability in the Context&#8230;<\/p>","protected":false},"author":1,"featured_media":0,"parent":859,"menu_order":0,"comment_status":"closed","ping_status":"closed","template":"","meta":{"footnotes":""},"class_list":["post-867","page","type-page","status-publish","hentry"],"_links":{"self":[{"href":"https:\/\/icmld.com\/tr\/wp-json\/wp\/v2\/pages\/867","targetHints":{"allow":["GET"]}}],"collection":[{"href":"https:\/\/icmld.com\/tr\/wp-json\/wp\/v2\/pages"}],"about":[{"href":"https:\/\/icmld.com\/tr\/wp-json\/wp\/v2\/types\/page"}],"author":[{"embeddable":true,"href":"https:\/\/icmld.com\/tr\/wp-json\/wp\/v2\/users\/1"}],"replies":[{"embeddable":true,"href":"https:\/\/icmld.com\/tr\/wp-json\/wp\/v2\/comments?post=867"}],"version-history":[{"count":1,"href":"https:\/\/icmld.com\/tr\/wp-json\/wp\/v2\/pages\/867\/revisions"}],"predecessor-version":[{"id":878,"href":"https:\/\/icmld.com\/tr\/wp-json\/wp\/v2\/pages\/867\/revisions\/878"}],"up":[{"embeddable":true,"href":"https:\/\/icmld.com\/tr\/wp-json\/wp\/v2\/pages\/859"}],"wp:attachment":[{"href":"https:\/\/icmld.com\/tr\/wp-json\/wp\/v2\/media?parent=867"}],"curies":[{"name":"wp","href":"https:\/\/api.w.org\/{rel}","templated":true}]}}