{"id":866,"date":"2024-05-10T20:12:31","date_gmt":"2024-05-10T20:12:31","guid":{"rendered":"https:\/\/icmld.com\/?page_id=866"},"modified":"2024-05-10T20:12:31","modified_gmt":"2024-05-10T20:12:31","slug":"aims-scope","status":"publish","type":"page","link":"https:\/\/icmld.com\/tr\/1st-international-congress\/aims-scope\/","title":{"rendered":"AIMS &#038; SCOPE"},"content":{"rendered":"<div data-elementor-type=\"wp-page\" data-elementor-id=\"866\" class=\"elementor elementor-866\" data-elementor-post-type=\"page\">\n\t\t\t\t\t\t\t\t\t<section class=\"elementor-section elementor-top-section elementor-element elementor-element-564ce93 elementor-section-stretched elementor-section-boxed elementor-section-height-default elementor-section-height-default\" data-id=\"564ce93\" data-element_type=\"section\" data-settings=\"{&quot;stretch_section&quot;:&quot;section-stretched&quot;}\">\n\t\t\t\t\t\t<div class=\"elementor-container elementor-column-gap-default\">\n\t\t\t\t\t<div class=\"aux-parallax-section elementor-column elementor-col-100 elementor-top-column elementor-element elementor-element-386cbd9\" data-id=\"386cbd9\" data-element_type=\"column\">\n\t\t\t<div class=\"elementor-widget-wrap elementor-element-populated\">\n\t\t\t\t\t\t\t\t<div class=\"elementor-element elementor-element-af5d373 elementor-widget elementor-widget-heading\" data-id=\"af5d373\" data-element_type=\"widget\" data-widget_type=\"heading.default\">\n\t\t\t\t<div class=\"elementor-widget-container\">\n\t\t\t<h2 class=\"elementor-heading-title elementor-size-default\">AMA\u00c7 ve KAPSAM<\/h2>\t\t<\/div>\n\t\t\t\t<\/div>\n\t\t\t\t<div class=\"elementor-element elementor-element-65360cb elementor-widget elementor-widget-text-editor\" data-id=\"65360cb\" data-element_type=\"widget\" data-widget_type=\"text-editor.default\">\n\t\t\t\t<div class=\"elementor-widget-container\">\n\t\t\t\t\t\t\t<p>\u00c7al\u0131\u015ftaylar, paneller ve bu alan\u0131n uzmanlar\u0131ndan sunumlar\u0131n yer ald\u0131\u011f\u0131 formatta bir diskalkuli kongresi d\u00fczenlemenin heyecan\u0131n\u0131 ya\u015f\u0131yoruz. Dolay\u0131s\u0131yla bu kongrenin amac\u0131, d\u00fcnyan\u0131n d\u00f6rt bir yan\u0131ndan ara\u015ft\u0131rmac\u0131lar\u0131 bir araya getirmek, sosyal adalet ba\u011flam\u0131nda matematik \u00f6\u011frenme g\u00fc\u00e7l\u00fcklerine ili\u015fkin en son bulgular\u0131n\u0131 payla\u015fmak ve t\u00fcm \u00f6\u011frenciler i\u00e7in matematik \u00f6\u011fretimini ve \u00f6\u011frenimini geli\u015ftirmenin yollar\u0131n\u0131 tart\u0131\u015fmakt\u0131r. Kongre ayn\u0131 zamanda a\u011f olu\u015fturma ve i\u015fbirli\u011fi ile fikir ve kaynak al\u0131\u015fveri\u015fi i\u00e7in bir forum sa\u011flayacakt\u0131r.<\/p><p><strong>I. Matematik olduk\u00e7a \u00f6nemli bir ya\u015fam becerisidir.<\/strong><\/p><p>-Matematik, problem \u00e7\u00f6zmemize ve karar vermemize yard\u0131mc\u0131 olan kritik bir ya\u015fam becerisidir.<\/p><p>-Matematik \u00f6\u011frenme zorluklar\u0131, ya\u015fam kalitemiz \u00fczerinde olduk\u00e7a kritik bir etkiye sahiptir.<\/p><p><strong>II. Okul ba\u015far\u0131s\u0131 i\u00e7in matematik gereklidir.<\/strong><\/p><p>-Matematik okulda ve bir\u00e7ok kariyerde ba\u015far\u0131l\u0131 olmak i\u00e7in gereklidir.<\/p><p>-Matematik \u00f6\u011frenme g\u00fc\u00e7l\u00fc\u011f\u00fc \u00e7eken bireyler genellikle di\u011fer konularda da sorun ya\u015farlar.<\/p><p><strong>III. Matematik \u00f6\u011frenme g\u00fc\u00e7l\u00fc\u011f\u00fc a\u015f\u0131labilir.<\/strong><\/p><p>-Yeterli \u00e7aba ve do\u011fru e\u011fitsel m\u00fcdahale ile \u00e7o\u011fu \u00f6\u011frenci matematikteki zorluklar\u0131n\u0131n \u00fcstesinden gelebilir.<\/p><p>-\u00d6\u011frencilerin matematik becerilerini geli\u015ftirmelerine yard\u0131mc\u0131 olacak bir\u00e7ok kaynak vard\u0131r.<\/p>\t\t\t\t\t\t<\/div>\n\t\t\t\t<\/div>\n\t\t\t\t\t<\/div>\n\t\t<\/div>\n\t\t\t\t\t\t\t<\/div>\n\t\t<\/section>\n\t\t\t\t\t\t\t<\/div>","protected":false},"excerpt":{"rendered":"<p>AIMS &#038; SCOPE We are excited to launch a dyscalculia congress, with a format including workshops, congress and presentations from experts in this field. So the aims of this congress are to bring together researchers and practitioners from around the world to share their latest findings on math learning difficulties in the context of social&#8230;<\/p>","protected":false},"author":1,"featured_media":0,"parent":859,"menu_order":0,"comment_status":"closed","ping_status":"closed","template":"","meta":{"footnotes":""},"class_list":["post-866","page","type-page","status-publish","hentry"],"_links":{"self":[{"href":"https:\/\/icmld.com\/tr\/wp-json\/wp\/v2\/pages\/866","targetHints":{"allow":["GET"]}}],"collection":[{"href":"https:\/\/icmld.com\/tr\/wp-json\/wp\/v2\/pages"}],"about":[{"href":"https:\/\/icmld.com\/tr\/wp-json\/wp\/v2\/types\/page"}],"author":[{"embeddable":true,"href":"https:\/\/icmld.com\/tr\/wp-json\/wp\/v2\/users\/1"}],"replies":[{"embeddable":true,"href":"https:\/\/icmld.com\/tr\/wp-json\/wp\/v2\/comments?post=866"}],"version-history":[{"count":1,"href":"https:\/\/icmld.com\/tr\/wp-json\/wp\/v2\/pages\/866\/revisions"}],"predecessor-version":[{"id":877,"href":"https:\/\/icmld.com\/tr\/wp-json\/wp\/v2\/pages\/866\/revisions\/877"}],"up":[{"embeddable":true,"href":"https:\/\/icmld.com\/tr\/wp-json\/wp\/v2\/pages\/859"}],"wp:attachment":[{"href":"https:\/\/icmld.com\/tr\/wp-json\/wp\/v2\/media?parent=866"}],"curies":[{"name":"wp","href":"https:\/\/api.w.org\/{rel}","templated":true}]}}