{"id":298,"date":"2022-11-27T15:10:43","date_gmt":"2022-11-27T15:10:43","guid":{"rendered":"https:\/\/imledic.com\/?page_id=298"},"modified":"2025-11-29T01:52:50","modified_gmt":"2025-11-29T01:52:50","slug":"submission-of-the-paper","status":"publish","type":"page","link":"https:\/\/icmld.com\/tr\/submission-of-the-paper\/","title":{"rendered":"Bildiri G\u00f6nderimi ve Kurallar\u0131"},"content":{"rendered":"<div data-elementor-type=\"wp-page\" data-elementor-id=\"298\" class=\"elementor elementor-298\" data-elementor-post-type=\"page\">\n\t\t\t\t\t\t\t\t\t<section class=\"elementor-section elementor-top-section elementor-element elementor-element-d9061b7 elementor-section-stretched elementor-section-boxed elementor-section-height-default elementor-section-height-default\" data-id=\"d9061b7\" data-element_type=\"section\" data-settings=\"{&quot;stretch_section&quot;:&quot;section-stretched&quot;}\">\n\t\t\t\t\t\t<div class=\"elementor-container elementor-column-gap-default\">\n\t\t\t\t\t<div class=\"aux-parallax-section elementor-column elementor-col-100 elementor-top-column elementor-element elementor-element-c497327\" data-id=\"c497327\" data-element_type=\"column\">\n\t\t\t<div class=\"elementor-widget-wrap elementor-element-populated\">\n\t\t\t\t\t\t\t\t<div class=\"elementor-element elementor-element-5342889 elementor-widget elementor-widget-heading\" data-id=\"5342889\" data-element_type=\"widget\" data-widget_type=\"heading.default\">\n\t\t\t\t<div class=\"elementor-widget-container\">\n\t\t\t<h2 class=\"elementor-heading-title elementor-size-default\">Bildiri G\u00f6nderimi ve Kurallar\u0131<\/h2>\t\t<\/div>\n\t\t\t\t<\/div>\n\t\t\t\t<div class=\"elementor-element elementor-element-1911431 elementor-widget elementor-widget-text-editor\" data-id=\"1911431\" data-element_type=\"widget\" data-widget_type=\"text-editor.default\">\n\t\t\t\t<div class=\"elementor-widget-container\">\n\t\t\t\t\t\t\t<div><ul><li><strong>\u00d6zet G\u00f6nderim Son Tarihi:<\/strong> 6 Eyl\u00fcl 2026<\/li><li>Bildiri \u00f6zetlerinin yaln\u0131zca kongre web sitesi \u00fczerinden \u00e7evrimi\u00e7i olarak g\u00f6nderilmesi zorunludur. E-posta veya posta yoluyla g\u00f6nderilen \u00f6zetler kabul edilmeyecektir.<\/li><li>Kongre sunum dili T\u00fcrk\u00e7e veya \u0130ngilizce\u2019dir. T\u00fcrk\u00e7e sunum yapacak kat\u0131l\u0131mc\u0131lar, \u00f6zetlerini hem T\u00fcrk\u00e7e hem \u0130ngilizce olarak sunmal\u0131d\u0131r.<\/li><li>G\u00f6nderilen \u00f6zetler \u00f6zg\u00fcn, bilimsel katk\u0131 sunma potansiyeline sahip ve alandaki temel sorunlara \u0131\u015f\u0131k tutacak nitelikte olmal\u0131d\u0131r. \u00d6zetlerin yaz\u0131m kurallar\u0131na uygunlu\u011fu yazarlar\u0131n sorumlulu\u011fundad\u0131r.<\/li><li>\u00d6zetler \u201cAma\u00e7, Y\u00f6ntem, Bulgular, Sonu\u00e7\u201d ba\u015fl\u0131klar\u0131 alt\u0131nda en az 300, en fazla 500 kelime olacak \u015fekilde haz\u0131rlanmal\u0131d\u0131r. Kaynak\u00e7a, tablo, \u015fekil, form\u00fcl veya resim i\u00e7ermemelidir.<\/li><li>Yazar isimlerinde akademik unvan kullan\u0131lmamal\u0131; kurum, b\u00f6l\u00fcm, anabilim dal\u0131 ve \u015fehir bilgileri a\u00e7\u0131k\u00e7a belirtilmelidir.<\/li><li>Ba\u015fl\u0131kta sadece ilk harfler b\u00fcy\u00fck yaz\u0131lmal\u0131, k\u0131saltmalar kullan\u0131lacaksa ilk kullan\u0131mda parantez i\u00e7inde a\u00e7\u0131k ad\u0131 verilmelidir.<\/li><li>Daha \u00f6nce ba\u015fka bir yerde yay\u0131nlanm\u0131\u015f veya sunulmu\u015f bildiriler kabul edilmeyecektir.<\/li><li>G\u00f6nderilen bildiriler \u00e7ift-k\u00f6r hakemlik sistemi ile de\u011ferlendirilmektedir.<\/li><\/ul><div><div><p>Kongremiz 23 farkl\u0131 \u00fcniversiteden doktora dereceli akademisyenler taraf\u0131ndan d\u00fczenlenmekte olup, uluslararas\u0131 bilim kurulu 9 \u00fclkeden 41 akademisyenden olu\u015fmaktad\u0131r.<\/p><\/div><div>Bu kongre 3. kez d\u00fczenlenmekte olup, \u00f6nceki y\u0131llar\u0131n kongre bilgilerine www.icmld.com \u201car\u015fiv\u201d ba\u015fl\u0131\u011f\u0131ndan eri\u015fim sa\u011flayabilirsiniz.<\/div><\/div><div>\u00a0<\/div><p>Kabul edilen bildiriler kongre web sayfas\u0131nda ilan edilecek ve de\u011ferlendirme s\u00fcrecini ba\u015far\u0131yla tamamlayan \u00f6zet ve tam metinler elektronik bildiri kitab\u0131nda yay\u0131mlanacakt\u0131r. Ayr\u0131ca, kongre ana temas\u0131 \u00e7er\u00e7evesinde derinlemesine tart\u0131\u015fmalar i\u00e7eren \u00e7al\u0131\u015fmalar, yazarlar\u0131n talebi do\u011frultusunda Journal of Dyscalculia Academy (JODYAC) dergisinde makale olarak yay\u0131mlanma \u015fans\u0131na sahip olacakt\u0131r.<\/p><\/div>\t\t\t\t\t\t<\/div>\n\t\t\t\t<\/div>\n\t\t\t\t\t<\/div>\n\t\t<\/div>\n\t\t\t\t\t\t\t<\/div>\n\t\t<\/section>\n\t\t\t\t\t\t\t<\/div>","protected":false},"excerpt":{"rendered":"<p>Submission of the Paper Abstract Submission Deadline: September 06, 2026 Abstracts must be submitted online only through the congress website. Abstracts sent via email or mail will not be accepted. Congress presentation language is Turkish or English. Participants presenting in Turkish must submit their abstracts in both Turkish and English. Submitted abstracts should be original,&#8230;<\/p>","protected":false},"author":1,"featured_media":0,"parent":0,"menu_order":0,"comment_status":"closed","ping_status":"closed","template":"","meta":{"footnotes":""},"class_list":["post-298","page","type-page","status-publish","hentry"],"_links":{"self":[{"href":"https:\/\/icmld.com\/tr\/wp-json\/wp\/v2\/pages\/298","targetHints":{"allow":["GET"]}}],"collection":[{"href":"https:\/\/icmld.com\/tr\/wp-json\/wp\/v2\/pages"}],"about":[{"href":"https:\/\/icmld.com\/tr\/wp-json\/wp\/v2\/types\/page"}],"author":[{"embeddable":true,"href":"https:\/\/icmld.com\/tr\/wp-json\/wp\/v2\/users\/1"}],"replies":[{"embeddable":true,"href":"https:\/\/icmld.com\/tr\/wp-json\/wp\/v2\/comments?post=298"}],"version-history":[{"count":19,"href":"https:\/\/icmld.com\/tr\/wp-json\/wp\/v2\/pages\/298\/revisions"}],"predecessor-version":[{"id":1577,"href":"https:\/\/icmld.com\/tr\/wp-json\/wp\/v2\/pages\/298\/revisions\/1577"}],"wp:attachment":[{"href":"https:\/\/icmld.com\/tr\/wp-json\/wp\/v2\/media?parent=298"}],"curies":[{"name":"wp","href":"https:\/\/api.w.org\/{rel}","templated":true}]}}