{"id":292,"date":"2022-11-27T15:08:19","date_gmt":"2022-11-27T15:08:19","guid":{"rendered":"https:\/\/imledic.com\/?page_id=292"},"modified":"2024-12-08T17:25:38","modified_gmt":"2024-12-08T17:25:38","slug":"publication-of-studies","status":"publish","type":"page","link":"https:\/\/icmld.com\/tr\/publication-of-studies\/","title":{"rendered":"\u00c7al\u0131\u015fmalar\u0131n Yay\u0131mlanmas\u0131"},"content":{"rendered":"<div data-elementor-type=\"wp-page\" data-elementor-id=\"292\" class=\"elementor elementor-292\" data-elementor-post-type=\"page\">\n\t\t\t\t\t\t\t\t\t<section class=\"elementor-section elementor-top-section elementor-element elementor-element-3c3ebab elementor-section-stretched elementor-section-boxed elementor-section-height-default elementor-section-height-default\" data-id=\"3c3ebab\" data-element_type=\"section\" data-settings=\"{&quot;stretch_section&quot;:&quot;section-stretched&quot;}\">\n\t\t\t\t\t\t<div class=\"elementor-container elementor-column-gap-default\">\n\t\t\t\t\t<div class=\"aux-parallax-section elementor-column elementor-col-100 elementor-top-column elementor-element elementor-element-4d4d060\" data-id=\"4d4d060\" data-element_type=\"column\">\n\t\t\t<div class=\"elementor-widget-wrap elementor-element-populated\">\n\t\t\t\t\t\t\t\t<div class=\"elementor-element elementor-element-f0af290 elementor-widget elementor-widget-heading\" data-id=\"f0af290\" data-element_type=\"widget\" data-widget_type=\"heading.default\">\n\t\t\t\t<div class=\"elementor-widget-container\">\n\t\t\t<h2 class=\"elementor-heading-title elementor-size-default\">\u00c7al\u0131\u015fmalar\u0131n Yay\u0131mlanmas\u0131<\/h2>\t\t<\/div>\n\t\t\t\t<\/div>\n\t\t\t\t<div class=\"elementor-element elementor-element-8e21906 elementor-widget elementor-widget-text-editor\" data-id=\"8e21906\" data-element_type=\"widget\" data-widget_type=\"text-editor.default\">\n\t\t\t\t<div class=\"elementor-widget-container\">\n\t\t\t\t\t\t\t<p>Kabul edilen bildiriler kongre web sayfas\u0131nda ilan edilecek ve de\u011ferlendirme s\u00fcrecini ba\u015far\u0131yla tamamlayan \u00f6zet ve tam metinler elektronik bildiri kitab\u0131nda yay\u0131mlanacakt\u0131r. Ayr\u0131ca, kongre ana temas\u0131 \u00e7er\u00e7evesinde derinlemesine tart\u0131\u015fmalar i\u00e7eren \u00e7al\u0131\u015fmalar, yazarlar\u0131n talebi do\u011frultusunda Journal of Dyscalculia Academy (JODYAC) dergisinde makale olarak yay\u0131mlanma \u015fans\u0131na sahip olacakt\u0131r.<\/p>\t\t\t\t\t\t<\/div>\n\t\t\t\t<\/div>\n\t\t\t\t\t<\/div>\n\t\t<\/div>\n\t\t\t\t\t\t\t<\/div>\n\t\t<\/section>\n\t\t\t\t\t\t\t<\/div>","protected":false},"excerpt":{"rendered":"<p>Publication of Studies Accepted papers will be announced on the congress website, and abstracts and full texts that successfully complete the evaluation process will be published in the electronic proceedings book. Additionally, studies containing in-depth discussions within the framework of the congress&#8217;s main theme will have the opportunity to be published as articles in the&#8230;<\/p>","protected":false},"author":1,"featured_media":0,"parent":0,"menu_order":0,"comment_status":"closed","ping_status":"closed","template":"","meta":{"footnotes":""},"class_list":["post-292","page","type-page","status-publish","hentry"],"_links":{"self":[{"href":"https:\/\/icmld.com\/tr\/wp-json\/wp\/v2\/pages\/292","targetHints":{"allow":["GET"]}}],"collection":[{"href":"https:\/\/icmld.com\/tr\/wp-json\/wp\/v2\/pages"}],"about":[{"href":"https:\/\/icmld.com\/tr\/wp-json\/wp\/v2\/types\/page"}],"author":[{"embeddable":true,"href":"https:\/\/icmld.com\/tr\/wp-json\/wp\/v2\/users\/1"}],"replies":[{"embeddable":true,"href":"https:\/\/icmld.com\/tr\/wp-json\/wp\/v2\/comments?post=292"}],"version-history":[{"count":16,"href":"https:\/\/icmld.com\/tr\/wp-json\/wp\/v2\/pages\/292\/revisions"}],"predecessor-version":[{"id":1320,"href":"https:\/\/icmld.com\/tr\/wp-json\/wp\/v2\/pages\/292\/revisions\/1320"}],"wp:attachment":[{"href":"https:\/\/icmld.com\/tr\/wp-json\/wp\/v2\/media?parent=292"}],"curies":[{"name":"wp","href":"https:\/\/api.w.org\/{rel}","templated":true}]}}