{"id":260,"date":"2022-11-27T14:08:14","date_gmt":"2022-11-27T14:08:14","guid":{"rendered":"https:\/\/imledic.com\/?page_id=260"},"modified":"2025-11-23T20:59:02","modified_gmt":"2025-11-23T20:59:02","slug":"call-for-papers","status":"publish","type":"page","link":"https:\/\/icmld.com\/tr\/call-for-papers\/","title":{"rendered":"\u00c7a\u011fr\u0131 Metni"},"content":{"rendered":"<div data-elementor-type=\"wp-page\" data-elementor-id=\"260\" class=\"elementor elementor-260\" data-elementor-post-type=\"page\">\n\t\t\t\t\t\t\t\t\t<section class=\"elementor-section elementor-top-section elementor-element elementor-element-f47a728 elementor-section-stretched elementor-section-boxed elementor-section-height-default elementor-section-height-default\" data-id=\"f47a728\" data-element_type=\"section\" data-settings=\"{&quot;stretch_section&quot;:&quot;section-stretched&quot;}\">\n\t\t\t\t\t\t<div class=\"elementor-container elementor-column-gap-default\">\n\t\t\t\t\t<div class=\"aux-parallax-section elementor-column elementor-col-100 elementor-top-column elementor-element elementor-element-d116aaa\" data-id=\"d116aaa\" data-element_type=\"column\">\n\t\t\t<div class=\"elementor-widget-wrap elementor-element-populated\">\n\t\t\t\t\t\t\t\t<div class=\"elementor-element elementor-element-58f0f2f elementor-widget elementor-widget-heading\" data-id=\"58f0f2f\" data-element_type=\"widget\" data-widget_type=\"heading.default\">\n\t\t\t\t<div class=\"elementor-widget-container\">\n\t\t\t<h2 class=\"elementor-heading-title elementor-size-default\">\u00c7a\u011fr\u0131 Metni<\/h2>\t\t<\/div>\n\t\t\t\t<\/div>\n\t\t\t\t<div class=\"elementor-element elementor-element-451c059 elementor-widget elementor-widget-text-editor\" data-id=\"451c059\" data-element_type=\"widget\" data-widget_type=\"text-editor.default\">\n\t\t\t\t<div class=\"elementor-widget-container\">\n\t\t\t\t\t\t\t<p style=\"text-align: center;\"><strong>IV. Uluslararas\u0131 Matematik \u00d6\u011frenme G\u00fc\u00e7l\u00fc\u011f\u00fc Kongresi (ICMLD)<\/strong><\/p><p style=\"text-align: center;\"><strong>Matematik \u00d6\u011frenme G\u00fc\u00e7l\u00fc\u011f\u00fcnde Aile: Tan\u0131dan M\u00fcdahaleye, Destekten G\u00fc\u00e7lendirmeye<\/strong><\/p><p><strong>Tarih:<\/strong> 1-3 Ekim 2026<\/p><p><strong>Mekan:<\/strong> \u0130stanbul Medeniyet \u00dcniversitesi, \u0130stanbul, T\u00fcrkiye<\/p><p>\u00a0<\/p><p>De\u011ferli Ara\u015ft\u0131rmac\u0131lar, E\u011fitimciler ve Uygulay\u0131c\u0131lar,<\/p><p>Diskalkuli ve matematik \u00f6\u011frenme g\u00fc\u00e7l\u00fckleri alan\u0131nda \u00e7al\u0131\u015fan t\u00fcm uzmanlar\u0131, 1-3 Ekim 2026 tarihleri aras\u0131nda Diskalkuli Derne\u011fi ve \u0130stanbul Medeniyet \u00dcniversitesi i\u015fbirli\u011fiyle \u0130stanbul Medeniyet \u00dcniversitesi'nde d\u00fczenlenecek olan IV. Uluslararas\u0131 Matematik \u00d6\u011frenme G\u00fc\u00e7l\u00fckleri Kongresi'ne davet ediyoruz.<\/p><p>Kongremizin ana temas\u0131 \"Matematik \u00d6\u011frenme G\u00fc\u00e7l\u00fc\u011f\u00fcnde Aile: Tan\u0131dan M\u00fcdahaleye, Destekten G\u00fc\u00e7lendirmeye\" olup, diskalkuli ve matematik \u00f6\u011frenme g\u00fc\u00e7l\u00fc\u011f\u00fc olan \u00e7ocuklar\u0131n tan\u0131, m\u00fcdahale ve destek s\u00fcre\u00e7lerinde ailelerin kritik rol\u00fcn\u00fcn tart\u0131\u015f\u0131lmas\u0131 ama\u00e7lanmaktad\u0131r. Kongrenin temel oda\u011f\u0131 aile merkezli yakla\u015f\u0131mlar olmakla birlikte, tan\u0131lama y\u00f6ntemleri, m\u00fcdahale stratejileri, teknolojik yenilikler, e\u011fitsel uygulamalar, n\u00f6robilimsel ara\u015ft\u0131rmalar, de\u011ferlendirme ara\u00e7lar\u0131 ve politika \u00f6nerileri dahil olmak \u00fczere matematik \u00f6\u011frenme g\u00fc\u00e7l\u00fckleri ve diskalkuliye ili\u015fkin t\u00fcm konularda bildiri ba\u015fvurular\u0131n\u0131 i\u00e7tenlikle kar\u015f\u0131lamaktay\u0131z. Kongre, alandaki farkl\u0131 bak\u0131\u015f a\u00e7\u0131lar\u0131na ve disiplinleraras\u0131 ara\u015ft\u0131rmalara kapsaml\u0131 bir bilimsel platform sa\u011flamay\u0131 hedeflemektedir.<\/p><p>\u00a0<\/p><p><strong>Sunum T\u00fcrleri<\/strong><\/p><p style=\"padding-left: 40px;\">S\u00f6zl\u00fc Sunumlar<\/p><p style=\"padding-left: 40px;\">At\u00f6lyeler<\/p><p style=\"padding-left: 40px;\">Panel Tart\u0131\u015fmalar\u0131<\/p><p><br \/>Kongre y\u00fcz y\u00fcze olarak ger\u00e7ekle\u015ftirilecek olup, ulusal ve uluslararas\u0131 kat\u0131l\u0131mc\u0131lar aras\u0131nda \u00e7ok y\u00f6nl\u00fc bilgi al\u0131\u015fveri\u015fi ve networking f\u0131rsatlar\u0131na uygun bir ortam sunmaktad\u0131r. \u00d6zet g\u00f6nderimi ve detayl\u0131 bilgi i\u00e7in icmld.com adresini ziyaret edebilir, sorular\u0131n\u0131z\u0131 info@icmld.com adresine iletebilirsiniz.<a href=\"mailto:info@icmld.com\"> info@icmld.com<\/a>.<\/p><p>\u00a0<\/p><p><strong>\u00d6nemli Tarihler<\/strong><\/p><p style=\"padding-left: 40px;\"><strong>\u00d6zet G\u00f6nderim Son Tarihi:<\/strong> 6 Eyl\u00fcl 2026<\/p><p style=\"padding-left: 40px;\"><strong>Kabul Edilen \u00d6zetlerin \u0130lan\u0131:<\/strong> 16 Eyl\u00fcl 2026<\/p><p style=\"padding-left: 40px;\"><strong>Kay\u0131t \u0130\u00e7in Son G\u00fcn:<\/strong> 21 Eyl\u00fcl 2026<\/p><p style=\"padding-left: 40px;\"><strong>Kongre Tarihleri:<\/strong> 1-3 Ekim 2026<\/p><p style=\"padding-left: 40px;\"><strong>Tam Metin G\u00f6nderim Tarihi:<\/strong> 6 Kas\u0131m 2026<\/p><p>\u00a0<\/p><p>Sizi \u0130stanbul'da a\u011f\u0131rlamay\u0131 d\u00f6rt g\u00f6zle bekliyoruz.<\/p><p>\u00a0<\/p><p>Sayg\u0131lar\u0131m\u0131zla,<\/p><p>Do\u00e7. Dr. Y\u0131lmaz MUTLU \u2014 Prof. Dr. Ey\u00fcp SEV\u0130ML\u0130<\/p><p>ICMLD Kongre D\u00fczenleme Komitesi Ad\u0131na<\/p>\t\t\t\t\t\t<\/div>\n\t\t\t\t<\/div>\n\t\t\t\t\t<\/div>\n\t\t<\/div>\n\t\t\t\t\t\t\t<\/div>\n\t\t<\/section>\n\t\t\t\t\t\t\t<\/div>","protected":false},"excerpt":{"rendered":"<p>CALL FOR PAPERS IV. International Congress on Mathematics Learning Difficulties (ICMLD) Family in Mathematics Learning Difficulties: From Diagnosis to Intervention, From Supportto Empowerment Date: October 1-3, 2026 Venue: Istanbul Medeniyet University, Istanbul, Turkey \u00a0 Dear Researchers, Educators, and Practitioners, We invite all experts working in the field of dyscalculia and mathematics learning difficultiesto the IV&#8230;.<\/p>","protected":false},"author":1,"featured_media":0,"parent":0,"menu_order":0,"comment_status":"closed","ping_status":"closed","template":"","meta":{"footnotes":""},"class_list":["post-260","page","type-page","status-publish","hentry"],"_links":{"self":[{"href":"https:\/\/icmld.com\/tr\/wp-json\/wp\/v2\/pages\/260","targetHints":{"allow":["GET"]}}],"collection":[{"href":"https:\/\/icmld.com\/tr\/wp-json\/wp\/v2\/pages"}],"about":[{"href":"https:\/\/icmld.com\/tr\/wp-json\/wp\/v2\/types\/page"}],"author":[{"embeddable":true,"href":"https:\/\/icmld.com\/tr\/wp-json\/wp\/v2\/users\/1"}],"replies":[{"embeddable":true,"href":"https:\/\/icmld.com\/tr\/wp-json\/wp\/v2\/comments?post=260"}],"version-history":[{"count":34,"href":"https:\/\/icmld.com\/tr\/wp-json\/wp\/v2\/pages\/260\/revisions"}],"predecessor-version":[{"id":1534,"href":"https:\/\/icmld.com\/tr\/wp-json\/wp\/v2\/pages\/260\/revisions\/1534"}],"wp:attachment":[{"href":"https:\/\/icmld.com\/tr\/wp-json\/wp\/v2\/media?parent=260"}],"curies":[{"name":"wp","href":"https:\/\/api.w.org\/{rel}","templated":true}]}}