{"id":238,"date":"2022-11-27T13:18:11","date_gmt":"2022-11-27T13:18:11","guid":{"rendered":"https:\/\/imledic.com\/?page_id=238"},"modified":"2025-11-29T01:26:02","modified_gmt":"2025-11-29T01:26:02","slug":"committees","status":"publish","type":"page","link":"https:\/\/icmld.com\/tr\/committees\/","title":{"rendered":"Kurullar"},"content":{"rendered":"<div data-elementor-type=\"wp-page\" data-elementor-id=\"238\" class=\"elementor elementor-238\" data-elementor-post-type=\"page\">\n\t\t\t\t\t\t\t\t\t<section class=\"elementor-section elementor-top-section elementor-element elementor-element-16a3b4d elementor-section-full_width elementor-section-stretched elementor-section-height-default elementor-section-height-default\" data-id=\"16a3b4d\" data-element_type=\"section\" data-settings=\"{&quot;stretch_section&quot;:&quot;section-stretched&quot;}\">\n\t\t\t\t\t\t<div class=\"elementor-container elementor-column-gap-default\">\n\t\t\t\t\t<div class=\"aux-parallax-section elementor-column elementor-col-100 elementor-top-column elementor-element elementor-element-bf34269\" data-id=\"bf34269\" data-element_type=\"column\">\n\t\t\t<div class=\"elementor-widget-wrap elementor-element-populated\">\n\t\t\t\t\t\t\t\t<div class=\"elementor-element elementor-element-e7004e1 elementor-widget elementor-widget-heading\" data-id=\"e7004e1\" data-element_type=\"widget\" data-widget_type=\"heading.default\">\n\t\t\t\t<div class=\"elementor-widget-container\">\n\t\t\t<h2 class=\"elementor-heading-title elementor-size-default\">Kurullar<\/h2>\t\t<\/div>\n\t\t\t\t<\/div>\n\t\t\t\t<div class=\"elementor-element elementor-element-ec7e880 elementor-widget__width-initial elementor-widget elementor-widget-text-editor\" data-id=\"ec7e880\" data-element_type=\"widget\" data-widget_type=\"text-editor.default\">\n\t\t\t\t<div class=\"elementor-widget-container\">\n\t\t\t\t\t\t\t<p><strong>Kongre Onur Kurulu<\/strong><\/p><p>Prof. Dr. G\u00fclfettin \u00c7EL\u0130K \u2013 \u0130stanbul Medeniyet \u00dcniversitesi Rekt\u00f6r\u00fc<br \/>Prof. Dr. Sinan OLKUN \u2013 Diskalkuli Derne\u011fi Onursal Ba\u015fkan\u0131<\/p><p><strong>Kongre Ba\u015fkanlar\u0131<\/strong><\/p><p>Do\u00e7. Dr. Y\u0131lmaz MUTLU - Diskalkuli Derne\u011fi Ba\u015fkan\u0131<br \/>Prof. Dr. Ey\u00fcp SEV\u0130ML\u0130 \u2013 \u0130stanbul Medeniyet \u00dcniversitesi E\u011fitim Fak\u00fcltesi Dekan\u0131<\/p><p><strong>D\u00fczenleme Kurulu Ba\u015fkanlar\u0131<\/strong><\/p><p>Do\u00e7. Dr. Zeynep \u00c7i\u011fdem \u00d6ZCAN \u2013 \u0130stanbul Medeniyet \u00dcniversitesi<br \/>Dr. \u00d6\u011fr. \u00dcyesi Nihan \u015eAH\u0130NKAYA \u2013 \u0130stanbul Medeniyet \u00dcniversitesi<\/p><p><strong>D\u00fczenleme Kurulu \u00dcyeleri<\/strong><\/p><p class=\" translation-block\">Prof. Dr. Levent AKG\u00dcN \u2013 Atat\u00fcrk \u00dcniversitesi<br>\nProf. Dr. Erhan B\u0130NG\u00d6LBALI \u2013 Afyon Kocatepe \u00dcniversitesi<br>\nProf. Dr. Filiz Tuba D\u0130KKARTIN \u00d6VEZ \u2013 Bal\u0131kesir \u00dcniversitesi<br>\nProf. Dr. Mihriban HACISAL\u0130HO\u011eLU KARADEN\u0130Z \u2013 Giresun \u00dcniversitesi<br>\nDo\u00e7. Dr. Abdulbaki ERGEL \u2013 Mardin Artuklu \u00dcniversitesi<br>\nDo\u00e7. Dr. Adem Do\u011fan \u2013 Kahramanmara\u015f S\u00fct\u00e7\u00fc \u0130mam \u00dcniversitesi<br>\nDo\u00e7. Dr. Ali \u00d6zkaya \u2013 Akdeniz \u00dcniversitesi<br>\nDo\u00e7. Dr. Bahad\u0131r YILDIZ \u2013 Hacettepe \u00dcniversitesi<br>\nDo\u00e7. Dr. B\u00fcnyamin SARIKAYA \u2013 Mu\u015f Alparslan \u00dcniversitesi<br>\nDo\u00e7. Dr. Burcu Durmaz \u2013 S\u00fcleyman Demirel \u00dcniversitesi<br>\nDo\u00e7. Dr. Derya Can \u2013 Burdur Mehmet Akif Ersoy \u00dcniversitesi<br>\nDo\u00e7. Dr. Dil\u015fad G\u00fcven Akdeniz \u2013 Bayburt \u00dcniversitesi<br>\nDo\u00e7. Dr. K\u00fcbra POLAT \u2013 Sivas Cumhuriyet \u00dcniversitesi<br>\nDo\u00e7. Dr. Mehmet Hayri SARI \u2013 Hac\u0131 Bekta\u015f Veli \u00dcniversitesi<br>\nDo\u00e7. Dr. Tevfik \u0130\u015eLEYEN \u2013 Atat\u00fcrk \u00dcniversitesi<br>\nDo\u00e7. Dr. Esra YILDIZ \u0130stanbul Medeniyet \u00dcniversitesi<br>\nDr. \u00d6\u011fr. \u00dcyesi Ali Fuad YASUL \u2013 Mu\u015f Alparslan \u00dcniversitesi<br>\nDr. \u00d6\u011fr. \u00dcyesi Ba\u015fak BA\u011eLAMA Y\u00dcCESOY \u2013 Yak\u0131n Do\u011fu \u00dcniversitesi<br>\nDr. \u00d6\u011fr. \u00dcyesi Belma T\u00dcRKER B\u0130BER \u2013 Aksaray \u00dcniversitesi<br>\nDr. \u00d6\u011fr. \u00dcyesi Emir Feridun \u00c7ALI\u015eKAN \u2013 Mu\u015f Alparslan \u00dcniversitesi<br>\nDr. \u00d6\u011fr. \u00dcyesi Fuat Elkonca \u2013 Mu\u015f Alparslan \u00dcniversitesi<br>\nDr. \u00d6\u011fr. \u00dcyesi G\u00f6n\u00fcl ERHAN \u2013 Ba\u015fkent \u00dcniversitesi<br>\nDr. \u00d6\u011fr. \u00dcyesi G\u00fcl\u00e7in OFLAZ \u2013 Sivas Cumhuriyet \u00dcniversitesi<br>\nDr. \u00d6\u011fr. \u00dcyesi Mehmet Akif \u0130NC\u0130 \u2013 Mu\u015f Alparslan \u00dcniversitesi<br>\nDr. \u00d6\u011fr. \u00dcyesi Ertan G\u00d6RG\u00dc \u0130stanbul Medeniyet \u00dcniversitesi<br>\nDr. \u00d6\u011fr. \u00dcyesi Ay\u015fe Tu\u011fba \u00d6NER\u2013 \u0130stanbul Medeniyet \u00dcniversitesi<br>\nDr. \u00d6\u011fr. \u00dcyesi Osman BA\u011eDAT \u2013 Anadolu \u00dcniversitesi<br>\nDr. \u00d6\u011fr. \u00dcyesi \u00d6zlem ALTINDA\u011e KUMA\u015e \u2013 Dicle \u00dcniversitesi<br>\nDr. \u00d6\u011fr. \u00dcyesi Saniye Nur Ergan \u2013 Ordu \u00dcniversitesi<br>\nDr. \u00d6\u011fr. \u00dcyesi Tu\u011fba Yulet Y\u0131lmaz \u2013 Van Y\u00fcz\u00fcnc\u00fc Y\u0131l \u00dcniversitesi<br>\nDr. \u00d6\u011fr. \u00dcyesi Yasemin KARAHAN \u2013 Gedik \u00dcniversitesi<br>\nDr. \u00d6\u011fr. \u00dcyesi Zeynep SONAY AY \u2013 Hacettepe \u00dcniversitesi<br>\nDr. \u0130hsan S\u00d6YLEMEZ \u2013 Mu\u015f Alparslan \u00dcniversitesi<br>\nDr. Semih U\u00c7AR \u2013 Mu\u015f Alparslan \u00dcniversitesi<br>\nDr. Sibel B\u0130LG\u0130L\u0130 \u2013 Atat\u00fcrk \u00dcniversitesi<br>\nDr. Sibel UYGUR TOPTA\u015e \u2013 Milli E\u011fitim Bakanl\u0131\u011f\u0131<br>\nDr. Yavuz ERDEM \u2013 Mu\u015f Alparslan \u00dcniversitesi<br>\nDr. Yasemin ARSLAN_ \u0130stanbul Medeniyet \u00dcniversitesi<br>\nDr. Ebru YAL\u00c7INTU\u011e- \u0130stanbul Medeniyet \u00dcniversitesi<br>\nDr. Mehmet Se\u00e7kin GEZER- \u0130stanbul Medeniyet \u00dcniversitesi<br>\n\u00d6znur DEM\u0130RBA\u015e \u2013 \u00d6zden \u00d6zel E\u011fitim ve Rehabilitasyon Merkezi (Bolu)<br>\n\u0130lhan \u015eEN- Yeni Nesil Kurs Merkez (Diyarbak\u0131r)<br><\/p><p><strong>Bilim Kurulu<\/strong><\/p><p class=\" translation-block\">Prof. Dr. Ann DOWKER \u2013 Oxford \u00dcniversitesi<br>\nProf. Dr. Annemie DESOETE \u2013 Gent \u00dcniversitesi<br>\nProf. Dr. Jo BOALER \u2013 Stanford \u00dcniversitesi<br>\nProf. Dr. David C. GEARY- Missouri \u00dcniversitesi<br>\nProf. Dr. Karin KUC\u0130AN- Z\u00fcrih \u00dcniversitesi<br>\nProf. Dr. Daniel ANSAR\u0130- Western \u00dcniversitesi<br>\nProf. Dr. Michael Von ASTER- Postdam \u00dcniversitesi<br>\nProf. Dr. Cevriye ERG\u00dcL \u2013 Ankara \u00dcniversitesi<br>\nProf. Dr. \u0130brahim Halil D\u0130KEN- Anadolu \u00dcniversitesi<br>\nProf. Dr. Macid Ayhan MELEKO\u011eLU -Eski\u015fehir Osmangazi \u00dcniversitesi<br>\nProf. Dr. E. R\u00fcya \u00d6ZMEN \u2013 Gazi \u00dcniversitesi<br>\nProf. Dr. Ne\u015fe I\u015eIK TERTEM\u0130Z \u2013 Gazi \u00dcniversitesi<br>\nProf. Dr. Mustafa BALO\u011eLU- Hacettepe \u00dcniversitesi<br>\nProf. Dr. G\u00f6khan DUMAN \u2013 Gazi \u00dcniversitesi<br>\nProf. Dr. Ye\u015fim G\u00dcLE\u00c7 ASLAN- \u0130stanbul Medeniyet \u00dcniversitesi<br>\nProf. Dr. Marilena Z. Leana TA\u015eCILAR- \u0130stanbul Medeniyet \u00dcniversitesi<br>\nProf.Dr. Zarife SE\u00c7ER-\u0130stanbul Medeniyet \u00dcniversitesi<br>\nProf. Dr. \u00c7i\u011fdem KILI\u00c7 \u0130stanbul Medeniyet \u00dcniversitesi<br>\nDo\u00e7. Dr. Ahmet YIKMI\u015e \u2013 Bolu Abant \u0130zzet Baysal \u00dcniversitesi<br>\nDo\u00e7. Dr. Alpaslan KARABULUT -Abant \u0130zzet Baysal \u00dcniversitesi<br>\nDo\u00e7. Dr. B\u00fcnyamin SARIKAYA \u2013 Mu\u015f Alparslan \u00dcniversitesi<br>\nDo\u00e7. Dr. Ferhat KARDA\u015e \u2013 Van Y\u00fcz\u00fcnc\u00fc Y\u0131l \u00dcniversitesi<br>\nDo\u00e7. Dr. F\u0131rat SOYLU \u2013 Alabama \u00dcniversitesi<br>\nDo\u00e7. Dr. Mustafa E\u015eK\u0130SU- Erzincan Binali Y\u0131ld\u0131r\u0131m \u00dcniversitesi<br>\nDo\u00e7. Dr. Ufuk \u00d6ZKUBAT \u2013 Gazi \u00dcniversitesi<br>\nDo\u00e7. Dr. Veysel AKSOY- Anadolu \u00dcniversitesi<br>\nDo\u00e7.Dr. Merve \u00d6ZKAYA- Atat\u00fcrk \u00dcniversitesi<br>\nDo\u00e7.Dr. Nazan MERS\u0130N \u0130stanbul Medeniyet \u00dcniversitesi<br>\nDr. \u00d6\u011fr. \u00dcyesi Ahmet AYKAN \u2013 Mu\u015f Alparslan \u00dcniversitesi<br>\nDr. \u00d6\u011fr. \u00dcyesi Emre LA\u00c7\u0130N \u2013 Hatay Mustafa Kemal \u00dcniversitesi<br>\nDr. \u00d6\u011fr. \u00dcyesi Feyat KAYA \u2013 Hakkari \u00dcniversitesi<br>\nDr. \u00d6\u011fr. \u00dcyesi Hasan Fer\u015fat TA\u015eLIBEYAZ \u2013 Hakkari \u00dcniversitesi<br>\nDr. \u00d6\u011fr. \u00dcyesi Mustafa CEYLAN \u2013 Artvin \u00c7oruh \u00dcniversitesi<br>\nDr. \u00d6\u011fr. \u00dcyesi Giannis N KARAG\u0130ANNAK\u0130S \u2013 Atina National &amp; Kapodistrian \u00dcniversitesi<br>\nDr. \u00d6\u011fr. \u00dcyesi Mehmet Akif \u0130NC\u0130 \u2013 Mu\u015f Alparslan \u00dcniversitesi<br>\nDr. \u00d6\u011fr. \u00dcyesi Ali Musleh ALODAT- Yarmouk \u00dcniversitesi<br>\nDr. \u00d6\u011fr. \u00dcyesi G\u00fcl\u00e7in OFLAZ \u2013 Sivas Cumhuriyet \u00dcniversitesi<br>\nDr. \u00d6\u011fr. \u00dcyesi Tamer AYDEM\u0130R \u2013 Pamukkale \u00dcniversitesi<br>\nDr. \u00d6\u011fr. \u00dcyesi Ne\u015fe UYGUN \u2013 Gaziantep \u00dcniversitesi<br>\nDr. \u00d6\u011fr. \u00dcyesi Yavuz KO\u015eAN \u2013 Mu\u015f Alparslan \u00dcniversitesi<br>\nDr. \u00d6\u011fr. \u00dcyesi Meltem KO\u00c7AK- Atat\u00fcrk \u00dcniversitesi<br>\nDr. \u00d6\u011fr.\u00dcyesi Derya KARAKU\u015e- Atat\u00fcrk \u00dcniversitesi<br>\nDr.\u00d6\u011fr.\u00dcyesi Zeynep \u00c7\u0130FTC\u0130- Atat\u00fcrk \u00dcniversitesi<br>\nDr.\u00d6\u011fr.\u00dcyesi-Tuba \u00d6Z- Atat\u00fcrk \u00dcniversitesi<br>\nDr.\u00d6\u011fr.\u00dcyesi Emine AYYILDIZ_ \u0130stanbul Medeniyet \u00dcniversitesi<br>\nDr.\u00d6\u011fr. \u00dcyesi Aysun YE\u015e\u0130LYURT \u00c7ET\u0130N- Atat\u00fcrk \u00dcniversitesi<br>\nDr. \u00d6\u011fr. \u00dcyesi Abdulbaki ERGEL \u2013 Mardin Artuklu \u00dcniversitesi<br><\/p><p><strong>Kongre Sekretaryas\u0131<\/strong><\/p><p>\u00c7i\u011fdem DEM\u0130RTA\u015e-Diskalkuli Derne\u011fi<br \/>Edanur G\u00dcVEN - Diskalkuli Derne\u011fi<br \/>Rumeysa DURGUN - Diskalkuli Derne\u011fi<br \/>Ar\u015f.G\u00f6r.Dr.S\u00fcmeyra B\u0130L\u0130C\u0130 ALBAYRAK<span style=\"font-size: 16.0016px;\">\u00a0- \u0130stanbul Medeniyet \u00dcniversitesi<\/span><br \/>Ar\u015f.G\u00f6r. Zeynep BA\u015eKAN \u0130\u015eLER<span style=\"font-size: 16.0016px;\">\u00a0- \u0130stanbul Medeniyet \u00dcniversitesi<\/span><br \/>Ar\u015f.G\u00f6r.Asude G\u00fclfen \u015eEH\u0130T<span style=\"font-size: 16.0016px;\">\u00a0- \u0130stanbul Medeniyet \u00dcniversitesi<\/span><br \/>Ar\u015f.G\u00f6r. Esra\u00a0ERDO\u011eAN\u00a0KAYALI<span style=\"font-size: 16.0016px;\">\u00a0<\/span><span style=\"font-size: 16.0016px;\">- \u0130stanbul Medeniyet \u00dcniversitesi<\/span><\/p>\t\t\t\t\t\t<\/div>\n\t\t\t\t<\/div>\n\t\t\t\t\t<\/div>\n\t\t<\/div>\n\t\t\t\t\t\t\t<\/div>\n\t\t<\/section>\n\t\t\t\t\t\t\t<\/div>","protected":false},"excerpt":{"rendered":"<p>Committees Congress Honorary Board Prof. Dr. G\u00fclfettin \u00c7EL\u0130K \u2013 Istanbul Medeniyet University RectorProf. Dr. Sinan OLKUN \u2013 Dyscalculia Association Honorary President Congress Chairs Assoc. Prof. Dr. Y\u0131lmaz MUTLU &#8211; Dyscalculia Association PresidentProf. Dr. Ey\u00fcp SEV\u0130ML\u0130 \u2013 Istanbul Medeniyet University Faculty of Education Dean Organizing Committee Chairs Assoc. Prof. Dr. Zeynep \u00c7i\u011fdem \u00d6ZCAN \u2013 Istanbul Medeniyet&#8230;<\/p>","protected":false},"author":1,"featured_media":0,"parent":0,"menu_order":0,"comment_status":"closed","ping_status":"closed","template":"","meta":{"footnotes":""},"class_list":["post-238","page","type-page","status-publish","hentry"],"_links":{"self":[{"href":"https:\/\/icmld.com\/tr\/wp-json\/wp\/v2\/pages\/238","targetHints":{"allow":["GET"]}}],"collection":[{"href":"https:\/\/icmld.com\/tr\/wp-json\/wp\/v2\/pages"}],"about":[{"href":"https:\/\/icmld.com\/tr\/wp-json\/wp\/v2\/types\/page"}],"author":[{"embeddable":true,"href":"https:\/\/icmld.com\/tr\/wp-json\/wp\/v2\/users\/1"}],"replies":[{"embeddable":true,"href":"https:\/\/icmld.com\/tr\/wp-json\/wp\/v2\/comments?post=238"}],"version-history":[{"count":142,"href":"https:\/\/icmld.com\/tr\/wp-json\/wp\/v2\/pages\/238\/revisions"}],"predecessor-version":[{"id":1568,"href":"https:\/\/icmld.com\/tr\/wp-json\/wp\/v2\/pages\/238\/revisions\/1568"}],"wp:attachment":[{"href":"https:\/\/icmld.com\/tr\/wp-json\/wp\/v2\/media?parent=238"}],"curies":[{"name":"wp","href":"https:\/\/api.w.org\/{rel}","templated":true}]}}