{"id":221,"date":"2022-11-27T12:48:03","date_gmt":"2022-11-27T12:48:03","guid":{"rendered":"https:\/\/imledic.com\/?page_id=221"},"modified":"2025-11-23T21:58:07","modified_gmt":"2025-11-23T21:58:07","slug":"important-dates","status":"publish","type":"page","link":"https:\/\/icmld.com\/tr\/important-dates\/","title":{"rendered":"\u00d6nemli Tarihler"},"content":{"rendered":"<div data-elementor-type=\"wp-page\" data-elementor-id=\"221\" class=\"elementor elementor-221\" data-elementor-post-type=\"page\">\n\t\t\t\t\t\t\t\t\t<section class=\"elementor-section elementor-top-section elementor-element elementor-element-20d99b42 elementor-section-boxed elementor-section-height-default elementor-section-height-default\" data-id=\"20d99b42\" data-element_type=\"section\">\n\t\t\t\t\t\t<div class=\"elementor-container elementor-column-gap-default\">\n\t\t\t\t\t<div class=\"aux-parallax-section elementor-column elementor-col-100 elementor-top-column elementor-element elementor-element-31457bad\" data-id=\"31457bad\" data-element_type=\"column\">\n\t\t\t<div class=\"elementor-widget-wrap elementor-element-populated\">\n\t\t\t\t\t\t\t\t<div class=\"elementor-element elementor-element-2a03997 elementor-widget elementor-widget-heading\" data-id=\"2a03997\" data-element_type=\"widget\" data-widget_type=\"heading.default\">\n\t\t\t\t<div class=\"elementor-widget-container\">\n\t\t\t<h2 class=\"elementor-heading-title elementor-size-default\">\u00d6nemli Tarihler<\/h2>\t\t<\/div>\n\t\t\t\t<\/div>\n\t\t\t\t<div class=\"elementor-element elementor-element-63737d30 elementor-widget elementor-widget-text-editor\" data-id=\"63737d30\" data-element_type=\"widget\" data-widget_type=\"text-editor.default\">\n\t\t\t\t<div class=\"elementor-widget-container\">\n\t\t\t\t\t\t\t<table border=\"1\" cellspacing=\"0\" cellpadding=\"10\"><tbody><tr><th>Etkinlik<\/th><th>Tarih<\/th><\/tr><tr><td>Kongre Tarihi<\/td><td>1-3 Ekim 2026<\/td><\/tr><tr><td>Bildiri \u00d6zetlerinin Son G\u00f6nderim Tarihi<\/td><td>6 Eyl\u00fcl 2026<\/td><\/tr><tr><td>Kabul Edilen Bildirilerin A\u00e7\u0131klanma Tarihi<\/td><td>16 Eyl\u00fcl 2026<\/td><\/tr><tr><td>Kay\u0131t Kat\u0131l\u0131m \u00dccreti Son \u00d6deme Tarihi<\/td><td>21 Eyl\u00fcl 2026<\/td><\/tr><tr><td>Kongre Program\u0131n\u0131n \u0130lan\u0131<\/td><td>21 Eyl\u00fcl 2026<\/td><\/tr><tr><td>Tam Metin G\u00f6nderimi<\/td><td>6 Kas\u0131m 2026<\/td><\/tr><\/tbody><\/table>\t\t\t\t\t\t<\/div>\n\t\t\t\t<\/div>\n\t\t\t\t\t<\/div>\n\t\t<\/div>\n\t\t\t\t\t\t\t<\/div>\n\t\t<\/section>\n\t\t\t\t\t\t\t<\/div>","protected":false},"excerpt":{"rendered":"<p>Important Dates Event Date Congress Date October 1-3, 2026 Abstract Submission Deadline September 6, 2026 Notification of Accepted Abstracts September 16, 2026 Registration Fee Payment Deadline September 21, 2026 Congress Program Announcement September 21, 2026 Full Text Submission November 6, 2026<\/p>","protected":false},"author":1,"featured_media":0,"parent":0,"menu_order":0,"comment_status":"closed","ping_status":"closed","template":"","meta":{"footnotes":""},"class_list":["post-221","page","type-page","status-publish","hentry"],"_links":{"self":[{"href":"https:\/\/icmld.com\/tr\/wp-json\/wp\/v2\/pages\/221","targetHints":{"allow":["GET"]}}],"collection":[{"href":"https:\/\/icmld.com\/tr\/wp-json\/wp\/v2\/pages"}],"about":[{"href":"https:\/\/icmld.com\/tr\/wp-json\/wp\/v2\/types\/page"}],"author":[{"embeddable":true,"href":"https:\/\/icmld.com\/tr\/wp-json\/wp\/v2\/users\/1"}],"replies":[{"embeddable":true,"href":"https:\/\/icmld.com\/tr\/wp-json\/wp\/v2\/comments?post=221"}],"version-history":[{"count":58,"href":"https:\/\/icmld.com\/tr\/wp-json\/wp\/v2\/pages\/221\/revisions"}],"predecessor-version":[{"id":1554,"href":"https:\/\/icmld.com\/tr\/wp-json\/wp\/v2\/pages\/221\/revisions\/1554"}],"wp:attachment":[{"href":"https:\/\/icmld.com\/tr\/wp-json\/wp\/v2\/media?parent=221"}],"curies":[{"name":"wp","href":"https:\/\/api.w.org\/{rel}","templated":true}]}}