{"id":1340,"date":"2025-01-07T15:08:56","date_gmt":"2025-01-07T15:08:56","guid":{"rendered":"https:\/\/icmld.com\/?page_id=1340"},"modified":"2025-11-29T01:58:01","modified_gmt":"2025-11-29T01:58:01","slug":"ii-icmld-has-concluded","status":"publish","type":"page","link":"https:\/\/icmld.com\/tr\/2nd-international-congress\/ii-icmld-has-concluded\/","title":{"rendered":"II. ICMLD Has Concluded!"},"content":{"rendered":"<p><strong>II. Uluslararas\u0131 Matematik \u00d6\u011frenme G\u00fc\u00e7l\u00fckleri Kongresi Tamamland\u0131!<\/strong><\/p>\n\n\n\n<p>19-21 Eyl\u00fcl 2024 tarihleri aras\u0131nda Ankara \u00dcniversitesi E\u011fitim Bilimleri Fak\u00fcltesi ev sahipli\u011finde ger\u00e7ekle\u015ftirilen II. Uluslararas\u0131 Matematik \u00d6\u011frenme G\u00fc\u00e7l\u00fckleri Kongresi, \u00f6zellikle diskalkuli olmak \u00fczere matematik \u00f6\u011frenme g\u00fc\u00e7l\u00fckleriyle ilgili g\u00fcncel bilimsel yakla\u015f\u0131mlar\u0131 ve ara\u015ft\u0131rmalar\u0131 bir araya getirmi\u015ftir. Etkinlik, ulusal ve uluslararas\u0131 d\u00fczeyde akademisyenleri, e\u011fitimcileri, ara\u015ft\u0131rmac\u0131lar\u0131 ve uzmanlar\u0131 bulu\u015fturarak, disiplinler aras\u0131 bir payla\u015f\u0131m ve i\u015f birli\u011fi platformu sunmu\u015ftur.<\/p>\n\n\n\n<p><strong>A\u00e7\u0131l\u0131\u015f Konferans\u0131 ve \u00d6nemli Konu\u015fmalar<br><\/strong>Kongrenin a\u00e7\u0131l\u0131\u015f konu\u015fmalar\u0131, E\u011fitim Fak\u00fcltesi Dekan\u0131 Prof. Dr. Selahiddin \u00d6\u011f\u00fclm\u00fc\u015f, Dernek Onursal Ba\u015fkan\u0131 Prof. Dr. Sinan Olkun ve Kongre Ba\u015fkan\u0131 Do\u00e7. Dr. Y\u0131lmaz Mutlu taraf\u0131ndan yap\u0131lm\u0131\u015ft\u0131r. Bu konu\u015fmalarda, matematik \u00f6\u011frenme g\u00fc\u00e7l\u00fcklerinin e\u011fitim sistemindeki etkileri vurgulanm\u0131\u015f; bilimsel ara\u015ft\u0131rmalar\u0131n bu alana sa\u011flayabilece\u011fi katk\u0131lar ve erken m\u00fcdahalenin \u00f6nemi tart\u0131\u015f\u0131lm\u0131\u015ft\u0131r.<\/p>\n\n\n\n<p>A\u00e7\u0131l\u0131\u015f konferans\u0131, diskalkulinin erken tan\u0131s\u0131 ve \u00f6nlenmesi konusunda uluslararas\u0131 d\u00fczeyde tan\u0131nan \u00e7al\u0131\u015fmalar\u0131yla bilinen Dr. Karin Kucian taraf\u0131ndan sunulmu\u015ftur. Bu sunumda, erken d\u00f6nemde uygulanan tan\u0131lama ve m\u00fcdahale stratejilerinin \u00f6\u011frencilerin akademik ba\u015far\u0131s\u0131na olan olumlu etkileri somut \u00f6rneklerle ortaya konmu\u015ftur. Ayr\u0131ca, Prof. Dr. David C. Geary,  Prof. Dr. Daniel Ansari ve Do\u00e7. Dr. F\u0131rat Soylu gibi alan\u0131n \u00f6nde gelen akademisyenleri de n\u00f6robilim ve psikoloji ekseninde matematik \u00f6\u011frenme g\u00fc\u00e7l\u00fcklerini ele alan \u00e7arp\u0131c\u0131 konu\u015fmalar\u0131yla kongreye de\u011fer katm\u0131\u015ft\u0131r.<\/p>\n\n\n\n<p><strong>Bilimsel Oturumlar ve Paneller<br><\/strong>Kongre kapsam\u0131nda, matematik \u00f6\u011frenme g\u00fc\u00e7l\u00fckleri alan\u0131nda \u00e7ok say\u0131da bildiri sunulmu\u015ftur. Bu bildiriler;<\/p>\n\n\n\n<ul class=\"wp-block-list\">\n<li>n\u00f6ropsikolojik de\u011ferlendirme ve testler,<\/li>\n\n\n\n<li>matematik kayg\u0131s\u0131yla ba\u015fa \u00e7\u0131kma stratejileri,<\/li>\n\n\n\n<li>bireyselle\u015ftirilmi\u015f e\u011fitim y\u00f6ntemleri,<\/li>\n\n\n\n<li>\u00f6\u011fretmen fark\u0131ndal\u0131\u011f\u0131n\u0131n art\u0131r\u0131lmas\u0131na y\u00f6nelik uygulamalar,<br>gibi geni\u015f bir yelpazede konular\u0131 kapsayarak, kat\u0131l\u0131mc\u0131lara \u00e7ok y\u00f6nl\u00fc bir bak\u0131\u015f a\u00e7\u0131s\u0131 kazand\u0131rm\u0131\u015ft\u0131r.<\/li>\n<\/ul>\n\n\n\n<p>Ayr\u0131ca, alan uzmanlar\u0131n\u0131n kat\u0131l\u0131m\u0131yla d\u00fczenlenen \u201cDiskalkuliyi Tan\u0131lamak: G\u00fcncel Yakla\u015f\u0131mlar ve Y\u00f6ntemler\u201d ba\u015fl\u0131kl\u0131 panel, b\u00fcy\u00fck ilgi toplam\u0131\u015ft\u0131r. Bu panelde, \u201cDiskalkuli Taray\u0131c\u0131s\u0131\u201d, \u201cM\u00fcdahaleye Yan\u0131t Y\u00f6ntemi (Response to Intervention)\u201d ve \u201cTutars\u0131zl\u0131k Modeli (Discrepancy Model) ve \u00c7oklu Ara\u00e7larla \u0130le Diskalkuliyi Tan\u0131lama\u201d gibi yenilik\u00e7i tan\u0131 ve de\u011ferlendirme y\u00f6ntemleri ayr\u0131nt\u0131l\u0131 olarak tart\u0131\u015f\u0131lm\u0131\u015f; farkl\u0131 tan\u0131lama modellerinin avantajlar\u0131 ve s\u0131n\u0131rl\u0131l\u0131klar\u0131 ele al\u0131nm\u0131\u015ft\u0131r.<\/p>\n\n\n\n<p><strong>Bilimsel \u0130\u015f Birlikleri ve Gelecek Vizyonu<br><\/strong>Kongrenin kapan\u0131\u015f oturumunda s\u00f6z alan Do\u00e7. Dr. Y\u0131lmaz Mutlu, etkinli\u011fin ba\u015far\u0131yla tamamlanmas\u0131ndan duydu\u011fu memnuniyeti dile getirmi\u015f ve matematik \u00f6\u011frenme g\u00fc\u00e7l\u00fckleri konusunda disiplinler aras\u0131 i\u015f birli\u011finin \u00f6nemini bir kez daha vurgulam\u0131\u015ft\u0131r. Ayn\u0131 zamanda, III. Uluslararas\u0131 Matematik \u00d6\u011frenme G\u00fc\u00e7l\u00fckleri Kongresi\u2019nin 4-6 Eyl\u00fcl 2025 tarihlerinde Atat\u00fcrk \u00dcniversitesi \u0130\u015fbirli\u011fi ile d\u00fczenlenece\u011fini a\u00e7\u0131klayan Mutlu, bu s\u00fcrecin bilimsel bilgi \u00fcretimi ve toplumsal fark\u0131ndal\u0131k a\u00e7\u0131s\u0131ndan yeni f\u0131rsatlar yarataca\u011f\u0131n\u0131 belirtmi\u015ftir.<\/p>\n\n\n\n<p><strong>Te\u015fekk\u00fcr ve Gelece\u011fe Y\u00f6nelik Ad\u0131mlar<br><\/strong>Bu \u00f6nemli kongrenin ger\u00e7ekle\u015fmesine katk\u0131da bulunan t\u00fcm akademisyenlere, oturum ba\u015fkanlar\u0131na, konu\u015fmac\u0131lara ve kat\u0131l\u0131mc\u0131lara i\u00e7ten te\u015fekk\u00fcrlerimizi sunar\u0131z. Etkinlik, diskalkuli  konusunda yaln\u0131zca fark\u0131ndal\u0131\u011f\u0131 art\u0131rmakla kalmam\u0131\u015f, ayn\u0131 zamanda e\u011fitim politikalar\u0131n\u0131n geli\u015ftirilmesi ve bireyselle\u015ftirilmi\u015f \u00f6\u011fretim stratejilerinin yayg\u0131nla\u015ft\u0131r\u0131lmas\u0131 i\u00e7in de de\u011ferli bir zemin olu\u015fturmu\u015ftur. Kongre boyunca payla\u015f\u0131lan bilgi ve deneyimlerin, \u00f6\u011frencilerin matematiksel becerilerini ve \u00f6zg\u00fcvenlerini geli\u015ftirmeye y\u00f6nelik gelecekteki uygulamalara \u0131\u015f\u0131k tutaca\u011f\u0131na inan\u0131yoruz.<\/p>\n\n\n\n<figure class=\"wp-block-gallery has-nested-images columns-default is-cropped wp-block-gallery-1 is-layout-flex wp-block-gallery-is-layout-flex\">\n<figure class=\"wp-block-image size-large\"><a href=\"https:\/\/icmld.com\/wp-content\/uploads\/2025\/01\/icmld-ii-6.jpeg\"><img loading=\"lazy\" decoding=\"async\" width=\"1024\" height=\"1024\" data-id=\"1352\" src=\"https:\/\/icmld.com\/wp-content\/uploads\/2025\/01\/icmld-ii-6-1024x1024.jpeg\" alt=\"\" class=\"wp-image-1352\" srcset=\"https:\/\/icmld.com\/wp-content\/uploads\/2025\/01\/icmld-ii-6-1024x1024.jpeg 1024w, https:\/\/icmld.com\/wp-content\/uploads\/2025\/01\/icmld-ii-6-300x300.jpeg 300w, https:\/\/icmld.com\/wp-content\/uploads\/2025\/01\/icmld-ii-6-150x150.jpeg 150w, https:\/\/icmld.com\/wp-content\/uploads\/2025\/01\/icmld-ii-6-768x768.jpeg 768w, https:\/\/icmld.com\/wp-content\/uploads\/2025\/01\/icmld-ii-6-100x100.jpeg 100w\" sizes=\"auto, (max-width: 1024px) 100vw, 1024px\" \/><\/a><\/figure>\n\n\n\n<figure class=\"wp-block-image size-large\"><a href=\"https:\/\/icmld.com\/wp-content\/uploads\/2025\/01\/icmld-ii-1.jpeg\"><img loading=\"lazy\" decoding=\"async\" width=\"1024\" height=\"842\" data-id=\"1351\" src=\"https:\/\/icmld.com\/wp-content\/uploads\/2025\/01\/icmld-ii-1-1024x842.jpeg\" alt=\"\" class=\"wp-image-1351\"\/><\/a><\/figure>\n\n\n\n<figure class=\"wp-block-image size-large\"><a href=\"https:\/\/icmld.com\/wp-content\/uploads\/2025\/01\/icmld-ii-2.jpeg\"><img loading=\"lazy\" decoding=\"async\" width=\"1024\" height=\"1024\" data-id=\"1360\" src=\"https:\/\/icmld.com\/wp-content\/uploads\/2025\/01\/icmld-ii-2-1024x1024.jpeg\" alt=\"\" class=\"wp-image-1360\" srcset=\"https:\/\/icmld.com\/wp-content\/uploads\/2025\/01\/icmld-ii-2-1024x1024.jpeg 1024w, https:\/\/icmld.com\/wp-content\/uploads\/2025\/01\/icmld-ii-2-300x300.jpeg 300w, https:\/\/icmld.com\/wp-content\/uploads\/2025\/01\/icmld-ii-2-150x150.jpeg 150w, https:\/\/icmld.com\/wp-content\/uploads\/2025\/01\/icmld-ii-2-768x768.jpeg 768w, https:\/\/icmld.com\/wp-content\/uploads\/2025\/01\/icmld-ii-2-100x100.jpeg 100w\" sizes=\"auto, (max-width: 1024px) 100vw, 1024px\" \/><\/a><\/figure>\n\n\n\n<figure class=\"wp-block-image size-large\"><a href=\"https:\/\/icmld.com\/wp-content\/uploads\/2025\/01\/icmld-ii-3.jpeg\"><img loading=\"lazy\" decoding=\"async\" width=\"1024\" height=\"1024\" data-id=\"1355\" src=\"https:\/\/icmld.com\/wp-content\/uploads\/2025\/01\/icmld-ii-3-1024x1024.jpeg\" alt=\"\" class=\"wp-image-1355\" srcset=\"https:\/\/icmld.com\/wp-content\/uploads\/2025\/01\/icmld-ii-3-1024x1024.jpeg 1024w, https:\/\/icmld.com\/wp-content\/uploads\/2025\/01\/icmld-ii-3-300x300.jpeg 300w, https:\/\/icmld.com\/wp-content\/uploads\/2025\/01\/icmld-ii-3-150x150.jpeg 150w, https:\/\/icmld.com\/wp-content\/uploads\/2025\/01\/icmld-ii-3-768x768.jpeg 768w, https:\/\/icmld.com\/wp-content\/uploads\/2025\/01\/icmld-ii-3-100x100.jpeg 100w\" sizes=\"auto, (max-width: 1024px) 100vw, 1024px\" \/><\/a><\/figure>\n\n\n\n<figure class=\"wp-block-image size-large\"><a href=\"https:\/\/icmld.com\/wp-content\/uploads\/2025\/01\/icmld-ii-4.jpeg\"><img loading=\"lazy\" decoding=\"async\" width=\"1024\" height=\"1024\" data-id=\"1359\" src=\"https:\/\/icmld.com\/wp-content\/uploads\/2025\/01\/icmld-ii-4-1024x1024.jpeg\" alt=\"\" class=\"wp-image-1359\" srcset=\"https:\/\/icmld.com\/wp-content\/uploads\/2025\/01\/icmld-ii-4-1024x1024.jpeg 1024w, https:\/\/icmld.com\/wp-content\/uploads\/2025\/01\/icmld-ii-4-300x300.jpeg 300w, https:\/\/icmld.com\/wp-content\/uploads\/2025\/01\/icmld-ii-4-150x150.jpeg 150w, https:\/\/icmld.com\/wp-content\/uploads\/2025\/01\/icmld-ii-4-768x768.jpeg 768w, https:\/\/icmld.com\/wp-content\/uploads\/2025\/01\/icmld-ii-4-100x100.jpeg 100w\" sizes=\"auto, (max-width: 1024px) 100vw, 1024px\" \/><\/a><\/figure>\n\n\n\n<figure class=\"wp-block-image size-large\"><a href=\"https:\/\/icmld.com\/wp-content\/uploads\/2025\/01\/icmld-ii-5.jpeg\"><img loading=\"lazy\" decoding=\"async\" width=\"1024\" height=\"1024\" data-id=\"1358\" src=\"https:\/\/icmld.com\/wp-content\/uploads\/2025\/01\/icmld-ii-5-1024x1024.jpeg\" alt=\"\" class=\"wp-image-1358\" srcset=\"https:\/\/icmld.com\/wp-content\/uploads\/2025\/01\/icmld-ii-5-1024x1024.jpeg 1024w, https:\/\/icmld.com\/wp-content\/uploads\/2025\/01\/icmld-ii-5-300x300.jpeg 300w, https:\/\/icmld.com\/wp-content\/uploads\/2025\/01\/icmld-ii-5-150x150.jpeg 150w, https:\/\/icmld.com\/wp-content\/uploads\/2025\/01\/icmld-ii-5-768x768.jpeg 768w, https:\/\/icmld.com\/wp-content\/uploads\/2025\/01\/icmld-ii-5-100x100.jpeg 100w\" sizes=\"auto, (max-width: 1024px) 100vw, 1024px\" \/><\/a><\/figure>\n\n\n\n<figure class=\"wp-block-image size-large\"><a href=\"https:\/\/icmld.com\/wp-content\/uploads\/2025\/01\/icmld-ii-7.jpeg\"><img loading=\"lazy\" decoding=\"async\" width=\"1024\" height=\"1024\" data-id=\"1362\" src=\"https:\/\/icmld.com\/wp-content\/uploads\/2025\/01\/icmld-ii-7-1024x1024.jpeg\" alt=\"\" class=\"wp-image-1362\" srcset=\"https:\/\/icmld.com\/wp-content\/uploads\/2025\/01\/icmld-ii-7-1024x1024.jpeg 1024w, https:\/\/icmld.com\/wp-content\/uploads\/2025\/01\/icmld-ii-7-300x300.jpeg 300w, https:\/\/icmld.com\/wp-content\/uploads\/2025\/01\/icmld-ii-7-150x150.jpeg 150w, https:\/\/icmld.com\/wp-content\/uploads\/2025\/01\/icmld-ii-7-768x768.jpeg 768w, https:\/\/icmld.com\/wp-content\/uploads\/2025\/01\/icmld-ii-7-100x100.jpeg 100w\" sizes=\"auto, (max-width: 1024px) 100vw, 1024px\" \/><\/a><\/figure>\n\n\n\n<figure class=\"wp-block-image size-large\"><a href=\"https:\/\/icmld.com\/wp-content\/uploads\/2025\/01\/icmld-ii-8.jpeg\"><img loading=\"lazy\" decoding=\"async\" width=\"1024\" height=\"1024\" data-id=\"1357\" src=\"https:\/\/icmld.com\/wp-content\/uploads\/2025\/01\/icmld-ii-8-1024x1024.jpeg\" alt=\"\" class=\"wp-image-1357\" srcset=\"https:\/\/icmld.com\/wp-content\/uploads\/2025\/01\/icmld-ii-8-1024x1024.jpeg 1024w, https:\/\/icmld.com\/wp-content\/uploads\/2025\/01\/icmld-ii-8-300x300.jpeg 300w, https:\/\/icmld.com\/wp-content\/uploads\/2025\/01\/icmld-ii-8-150x150.jpeg 150w, https:\/\/icmld.com\/wp-content\/uploads\/2025\/01\/icmld-ii-8-768x768.jpeg 768w, https:\/\/icmld.com\/wp-content\/uploads\/2025\/01\/icmld-ii-8-100x100.jpeg 100w\" sizes=\"auto, (max-width: 1024px) 100vw, 1024px\" \/><\/a><\/figure>\n\n\n\n<figure class=\"wp-block-image size-large\"><a href=\"https:\/\/icmld.com\/wp-content\/uploads\/2025\/01\/icmld-ii-9.jpeg\"><img loading=\"lazy\" decoding=\"async\" width=\"1024\" height=\"1024\" data-id=\"1361\" src=\"https:\/\/icmld.com\/wp-content\/uploads\/2025\/01\/icmld-ii-9-1024x1024.jpeg\" alt=\"\" class=\"wp-image-1361\" srcset=\"https:\/\/icmld.com\/wp-content\/uploads\/2025\/01\/icmld-ii-9-1024x1024.jpeg 1024w, https:\/\/icmld.com\/wp-content\/uploads\/2025\/01\/icmld-ii-9-300x300.jpeg 300w, https:\/\/icmld.com\/wp-content\/uploads\/2025\/01\/icmld-ii-9-150x150.jpeg 150w, https:\/\/icmld.com\/wp-content\/uploads\/2025\/01\/icmld-ii-9-768x768.jpeg 768w, https:\/\/icmld.com\/wp-content\/uploads\/2025\/01\/icmld-ii-9-100x100.jpeg 100w\" sizes=\"auto, (max-width: 1024px) 100vw, 1024px\" \/><\/a><\/figure>\n\n\n\n<figure class=\"wp-block-image size-large\"><a href=\"https:\/\/icmld.com\/wp-content\/uploads\/2025\/01\/icmld-ii-10.jpeg\"><img loading=\"lazy\" decoding=\"async\" width=\"1024\" height=\"1024\" data-id=\"1354\" src=\"https:\/\/icmld.com\/wp-content\/uploads\/2025\/01\/icmld-ii-10-1024x1024.jpeg\" alt=\"\" class=\"wp-image-1354\" srcset=\"https:\/\/icmld.com\/wp-content\/uploads\/2025\/01\/icmld-ii-10-1024x1024.jpeg 1024w, https:\/\/icmld.com\/wp-content\/uploads\/2025\/01\/icmld-ii-10-300x300.jpeg 300w, https:\/\/icmld.com\/wp-content\/uploads\/2025\/01\/icmld-ii-10-150x150.jpeg 150w, https:\/\/icmld.com\/wp-content\/uploads\/2025\/01\/icmld-ii-10-768x768.jpeg 768w, https:\/\/icmld.com\/wp-content\/uploads\/2025\/01\/icmld-ii-10-100x100.jpeg 100w\" sizes=\"auto, (max-width: 1024px) 100vw, 1024px\" \/><\/a><\/figure>\n\n\n\n<figure class=\"wp-block-image size-large\"><a href=\"https:\/\/icmld.com\/wp-content\/uploads\/2025\/01\/icmld-ii-11.jpeg\"><img loading=\"lazy\" decoding=\"async\" width=\"1024\" height=\"1024\" data-id=\"1353\" src=\"https:\/\/icmld.com\/wp-content\/uploads\/2025\/01\/icmld-ii-11-1024x1024.jpeg\" alt=\"\" class=\"wp-image-1353\" srcset=\"https:\/\/icmld.com\/wp-content\/uploads\/2025\/01\/icmld-ii-11-1024x1024.jpeg 1024w, https:\/\/icmld.com\/wp-content\/uploads\/2025\/01\/icmld-ii-11-300x300.jpeg 300w, https:\/\/icmld.com\/wp-content\/uploads\/2025\/01\/icmld-ii-11-150x150.jpeg 150w, https:\/\/icmld.com\/wp-content\/uploads\/2025\/01\/icmld-ii-11-768x768.jpeg 768w, https:\/\/icmld.com\/wp-content\/uploads\/2025\/01\/icmld-ii-11-100x100.jpeg 100w\" sizes=\"auto, (max-width: 1024px) 100vw, 1024px\" \/><\/a><\/figure>\n\n\n\n<figure class=\"wp-block-image size-large\"><a href=\"https:\/\/icmld.com\/wp-content\/uploads\/2025\/01\/icmld-ii-12.jpeg\"><img loading=\"lazy\" decoding=\"async\" width=\"1024\" height=\"1024\" data-id=\"1363\" src=\"https:\/\/icmld.com\/wp-content\/uploads\/2025\/01\/icmld-ii-12-1024x1024.jpeg\" alt=\"\" class=\"wp-image-1363\" srcset=\"https:\/\/icmld.com\/wp-content\/uploads\/2025\/01\/icmld-ii-12-1024x1024.jpeg 1024w, https:\/\/icmld.com\/wp-content\/uploads\/2025\/01\/icmld-ii-12-300x300.jpeg 300w, https:\/\/icmld.com\/wp-content\/uploads\/2025\/01\/icmld-ii-12-150x150.jpeg 150w, https:\/\/icmld.com\/wp-content\/uploads\/2025\/01\/icmld-ii-12-768x768.jpeg 768w, https:\/\/icmld.com\/wp-content\/uploads\/2025\/01\/icmld-ii-12-100x100.jpeg 100w\" sizes=\"auto, (max-width: 1024px) 100vw, 1024px\" \/><\/a><\/figure>\n<\/figure>","protected":false},"excerpt":{"rendered":"<p>The Second International Congress on Mathematics Learning Difficulties Has Concluded! The Second International Congress on Mathematics Learning Difficulties, hosted by Ankara University Faculty of Educational Sciences between September 19-21, 2024, brought together current scientific approaches and research related to mathematics learning difficulties, particularly dyscalculia. The event provided an interdisciplinary sharing and collaboration platform by bringing&#8230;<\/p>","protected":false},"author":1,"featured_media":0,"parent":1250,"menu_order":0,"comment_status":"closed","ping_status":"closed","template":"","meta":{"footnotes":""},"class_list":["post-1340","page","type-page","status-publish","hentry"],"_links":{"self":[{"href":"https:\/\/icmld.com\/tr\/wp-json\/wp\/v2\/pages\/1340","targetHints":{"allow":["GET"]}}],"collection":[{"href":"https:\/\/icmld.com\/tr\/wp-json\/wp\/v2\/pages"}],"about":[{"href":"https:\/\/icmld.com\/tr\/wp-json\/wp\/v2\/types\/page"}],"author":[{"embeddable":true,"href":"https:\/\/icmld.com\/tr\/wp-json\/wp\/v2\/users\/1"}],"replies":[{"embeddable":true,"href":"https:\/\/icmld.com\/tr\/wp-json\/wp\/v2\/comments?post=1340"}],"version-history":[{"count":3,"href":"https:\/\/icmld.com\/tr\/wp-json\/wp\/v2\/pages\/1340\/revisions"}],"predecessor-version":[{"id":1367,"href":"https:\/\/icmld.com\/tr\/wp-json\/wp\/v2\/pages\/1340\/revisions\/1367"}],"up":[{"embeddable":true,"href":"https:\/\/icmld.com\/tr\/wp-json\/wp\/v2\/pages\/1250"}],"wp:attachment":[{"href":"https:\/\/icmld.com\/tr\/wp-json\/wp\/v2\/media?parent=1340"}],"curies":[{"name":"wp","href":"https:\/\/api.w.org\/{rel}","templated":true}]}}