{"id":1020,"date":"2024-07-28T16:01:37","date_gmt":"2024-07-28T16:01:37","guid":{"rendered":"https:\/\/icmld.com\/?page_id=1020"},"modified":"2024-12-08T15:57:53","modified_gmt":"2024-12-08T15:57:53","slug":"listener-participation","status":"publish","type":"page","link":"https:\/\/icmld.com\/tr\/listener-participation\/","title":{"rendered":"Dinleyici Kat\u0131l\u0131m"},"content":{"rendered":"<div data-elementor-type=\"wp-page\" data-elementor-id=\"1020\" class=\"elementor elementor-1020\" data-elementor-post-type=\"page\">\n\t\t\t\t\t\t\t\t\t<section class=\"elementor-section elementor-top-section elementor-element elementor-element-ef259bb elementor-section-content-middle elementor-section-boxed elementor-section-height-default elementor-section-height-default\" data-id=\"ef259bb\" data-element_type=\"section\">\n\t\t\t\t\t\t<div class=\"elementor-container elementor-column-gap-default\">\n\t\t\t\t\t<div class=\"aux-parallax-section elementor-column elementor-col-100 elementor-top-column elementor-element elementor-element-0e6da1c\" data-id=\"0e6da1c\" data-element_type=\"column\">\n\t\t\t<div class=\"elementor-widget-wrap elementor-element-populated\">\n\t\t\t\t\t\t\t\t<div class=\"elementor-element elementor-element-d43b778 elementor-widget elementor-widget-heading\" data-id=\"d43b778\" data-element_type=\"widget\" data-widget_type=\"heading.default\">\n\t\t\t\t<div class=\"elementor-widget-container\">\n\t\t\t<h2 class=\"elementor-heading-title elementor-size-default\">Dinleyici Kat\u0131l\u0131m<\/h2>\t\t<\/div>\n\t\t\t\t<\/div>\n\t\t\t\t<div class=\"elementor-element elementor-element-7656766 elementor-widget elementor-widget-text-editor\" data-id=\"7656766\" data-element_type=\"widget\" data-widget_type=\"text-editor.default\">\n\t\t\t\t<div class=\"elementor-widget-container\">\n\t\t\t\t\t\t\t<p>Dinleyici olarak kat\u0131l\u0131m \u00fccreti 200\u20ba'dir. \u00d6demeyi belirtilen \u00f6deme y\u00f6ntemini kullanarak ger\u00e7ekle\u015ftirebilirsiniz.<\/p>\t\t\t\t\t\t<\/div>\n\t\t\t\t<\/div>\n\t\t\t\t<div class=\"elementor-element elementor-element-bbb829b elementor-widget__width-initial elementor-widget elementor-widget-shortcode\" data-id=\"bbb829b\" data-element_type=\"widget\" data-widget_type=\"shortcode.default\">\n\t\t\t\t<div class=\"elementor-widget-container\">\n\t\t\t\t\t<div class=\"elementor-shortcode\"><script type=\"text\/javascript\">var gform;gform||(document.addEventListener(\"gform_main_scripts_loaded\",function(){gform.scriptsLoaded=!0}),window.addEventListener(\"DOMContentLoaded\",function(){gform.domLoaded=!0}),gform={domLoaded:!1,scriptsLoaded:!1,initializeOnLoaded:function(o){gform.domLoaded&&gform.scriptsLoaded?o():!gform.domLoaded&&gform.scriptsLoaded?window.addEventListener(\"DOMContentLoaded\",o):document.addEventListener(\"gform_main_scripts_loaded\",o)},hooks:{action:{},filter:{}},addAction:function(o,n,r,t){gform.addHook(\"action\",o,n,r,t)},addFilter:function(o,n,r,t){gform.addHook(\"filter\",o,n,r,t)},doAction:function(o){gform.doHook(\"action\",o,arguments)},applyFilters:function(o){return gform.doHook(\"filter\",o,arguments)},removeAction:function(o,n){gform.removeHook(\"action\",o,n)},removeFilter:function(o,n,r){gform.removeHook(\"filter\",o,n,r)},addHook:function(o,n,r,t,i){null==gform.hooks[o][n]&&(gform.hooks[o][n]=[]);var e=gform.hooks[o][n];null==i&&(i=n+\"_\"+e.length),gform.hooks[o][n].push({tag:i,callable:r,priority:t=null==t?10:t})},doHook:function(n,o,r){var t;if(r=Array.prototype.slice.call(r,1),null!=gform.hooks[n][o]&&((o=gform.hooks[n][o]).sort(function(o,n){return o.priority-n.priority}),o.forEach(function(o){\"function\"!=typeof(t=o.callable)&&(t=window[t]),\"action\"==n?t.apply(null,r):r[0]=t.apply(null,r)})),\"filter\"==n)return r[0]},removeHook:function(o,n,t,i){var r;null!=gform.hooks[o][n]&&(r=(r=gform.hooks[o][n]).filter(function(o,n,r){return!!(null!=i&&i!=o.tag||null!=t&&t!=o.priority)}),gform.hooks[o][n]=r)}});<\/script>\n                <div class='gf_browser_gecko gform_wrapper gravity-theme' id='gform_wrapper_3' >\n                        <div class='gform_heading'>\n                            <span class='gform_description'><\/span>\n                        <\/div><form method='post' enctype='multipart\/form-data'  id='gform_3'  action='\/tr\/wp-json\/wp\/v2\/pages\/1020' novalidate data-trp-original-action=\"\/tr\/wp-json\/wp\/v2\/pages\/1020\">\n                        <div class='gform_body gform-body'><div id='gform_fields_3' class='gform_fields top_label form_sublabel_below description_below'><div id=\"field_3_1\"  class=\"gfield gfield_contains_required field_sublabel_below field_description_below gfield_visibility_visible\"  data-js-reload=\"field_3_1\"><label class='gfield_label' for='input_3_1' >Ad Soyad<span class=\"gfield_required\"><span class=\"gfield_required gfield_required_text\" data-no-translation=\"\" data-trp-gettext=\"\">(Gerekli)<\/span><\/span><\/label><div class='ginput_container ginput_container_text'><input name='input_1' id='input_3_1' type='text' value='' class='large'     aria-required=\"true\" aria-invalid=\"false\"   \/> <\/div><\/div><div id=\"field_3_3\"  class=\"gfield gfield--width-full gfield_contains_required field_sublabel_below field_description_below gfield_visibility_visible\"  data-js-reload=\"field_3_3\"><label class='gfield_label' for='input_3_3' >Do\u011fum Tarihi<span class=\"gfield_required\"><span class=\"gfield_required gfield_required_text\" data-no-translation=\"\" data-trp-gettext=\"\">(Gerekli)<\/span><\/span><\/label><div class='ginput_container ginput_container_date'>\n                            <input name='input_3' id='input_3_3' type='text' value='' class='datepicker mdy datepicker_no_icon gdatepicker-no-icon'   placeholder='mm\/dd\/yyyy' aria-describedby=\"input_3_3_date_format\" aria-invalid=\"false\" aria-required=\"true\" data-no-translation-placeholder=\"\"\/>\n                            <span id='input_3_3_date_format' class='screen-reader-text' data-no-translation=\"\" data-trp-gettext=\"\">MM e\u011fik \u00e7izgi DD e\u011fik \u00e7izgi YYYY<\/span>\n                        <\/div>\n                        <input type='hidden' id='gforms_calendar_icon_input_3_3' class='gform_hidden' value='https:\/\/icmld.com\/wp-content\/plugins\/gravityforms\/images\/datepicker\/datepicker.svg'\/><\/div><fieldset id=\"field_3_4\"  class=\"gfield gfield--width-full gfield_contains_required field_sublabel_below field_description_below gfield_visibility_visible\"  data-js-reload=\"field_3_4\"><legend class='gfield_label'  >Cinsiyet<span class=\"gfield_required\"><span class=\"gfield_required gfield_required_text\" data-no-translation=\"\" data-trp-gettext=\"\">(Gerekli)<\/span><\/span><\/legend><div class='ginput_container ginput_container_radio'><div class='gfield_radio' id='input_3_4'>\n\t\t\t<div class='gchoice gchoice_3_4_0'>\n\t\t\t\t\t<input class='gfield-choice-input' name='input_4' type='radio' value='Male'  id='choice_3_4_0' onchange='gformToggleRadioOther( this )'    \/>\n\t\t\t\t\t<label for='choice_3_4_0' id='label_3_4_0'>Male<\/label>\n\t\t\t<\/div>\n\t\t\t<div class='gchoice gchoice_3_4_1'>\n\t\t\t\t\t<input class='gfield-choice-input' name='input_4' type='radio' value='Female'  id='choice_3_4_1' onchange='gformToggleRadioOther( this )'    \/>\n\t\t\t\t\t<label for='choice_3_4_1' id='label_3_4_1'>Female<\/label>\n\t\t\t<\/div><\/div><\/div><\/fieldset><div id=\"field_3_6\"  class=\"gfield gfield--width-half gfield_contains_required field_sublabel_below field_description_below gfield_visibility_visible\"  data-js-reload=\"field_3_6\"><label class='gfield_label' for='input_3_6' >E-Posta<span class=\"gfield_required\"><span class=\"gfield_required gfield_required_text\" data-no-translation=\"\" data-trp-gettext=\"\">(Gerekli)<\/span><\/span><\/label><div class='ginput_container ginput_container_email'>\n                            <input name='input_6' id='input_3_6' type='email' value='' class='large'    aria-required=\"true\" aria-invalid=\"false\"  \/>\n                        <\/div><\/div><div id=\"field_3_7\"  class=\"gfield gfield--width-half gfield_contains_required field_sublabel_below field_description_below gfield_visibility_visible\"  data-js-reload=\"field_3_7\"><label class='gfield_label' for='input_3_7' >Telefon<span class=\"gfield_required\"><span class=\"gfield_required gfield_required_text\" data-no-translation=\"\" data-trp-gettext=\"\">(Gerekli)<\/span><\/span><\/label><div class='ginput_container ginput_container_phone'><input name='input_7' id='input_3_7' type='tel' value='' class='large'   aria-required=\"true\" aria-invalid=\"false\"   \/><\/div><\/div><div id=\"field_3_8\"  class=\"gfield gfield--width-full gfield_contains_required field_sublabel_below field_description_below gfield_visibility_visible\"  data-js-reload=\"field_3_8\"><label class='gfield_label' for='input_3_8' >Meslek\/\u00dcnvan<span class=\"gfield_required\"><span class=\"gfield_required gfield_required_text\" data-no-translation=\"\" data-trp-gettext=\"\">(Gerekli)<\/span><\/span><\/label><div class='ginput_container ginput_container_text'><input name='input_8' id='input_3_8' type='text' value='' class='large'     aria-required=\"true\" aria-invalid=\"false\"   \/> <\/div><\/div><fieldset id=\"field_3_9\"  class=\"gfield gfield--width-full gfield_contains_required field_sublabel_below field_description_below gfield_visibility_visible\"  data-js-reload=\"field_3_9\"><legend class='gfield_label'  >E\u011fitim Durumu<span class=\"gfield_required\"><span class=\"gfield_required gfield_required_text\" data-no-translation=\"\" data-trp-gettext=\"\">(Gerekli)<\/span><\/span><\/legend><div class='ginput_container ginput_container_radio'><div class='gfield_radio' id='input_3_9'>\n\t\t\t<div class='gchoice gchoice_3_9_0'>\n\t\t\t\t\t<input class='gfield-choice-input' name='input_9' type='radio' value='High school'  id='choice_3_9_0' onchange='gformToggleRadioOther( this )'    \/>\n\t\t\t\t\t<label for='choice_3_9_0' id='label_3_9_0'>Lise<\/label>\n\t\t\t<\/div>\n\t\t\t<div class='gchoice gchoice_3_9_1'>\n\t\t\t\t\t<input class='gfield-choice-input' name='input_9' type='radio' value='Bachelor&#039;s Degree'  id='choice_3_9_1' onchange='gformToggleRadioOther( this )'    \/>\n\t\t\t\t\t<label for='choice_3_9_1' id='label_3_9_1'>Lisans<\/label>\n\t\t\t<\/div>\n\t\t\t<div class='gchoice gchoice_3_9_2'>\n\t\t\t\t\t<input class='gfield-choice-input' name='input_9' type='radio' value='Master&#039;s Degree'  id='choice_3_9_2' onchange='gformToggleRadioOther( this )'    \/>\n\t\t\t\t\t<label for='choice_3_9_2' id='label_3_9_2'>Y\u00fcksek Lisans<\/label>\n\t\t\t<\/div>\n\t\t\t<div class='gchoice gchoice_3_9_3'>\n\t\t\t\t\t<input class='gfield-choice-input' name='input_9' type='radio' value='Doctorate'  id='choice_3_9_3' onchange='gformToggleRadioOther( this )'    \/>\n\t\t\t\t\t<label for='choice_3_9_3' id='label_3_9_3'>Doktora<\/label>\n\t\t\t<\/div><\/div><\/div><\/fieldset><div id=\"field_3_10\"  class=\"gfield gfield--width-full gfield_contains_required field_sublabel_below field_description_below gfield_visibility_visible\"  data-js-reload=\"field_3_10\"><label class='gfield_label' for='input_3_10' >Kongreye Kat\u0131l\u0131m Nedeniniz<span class=\"gfield_required\"><span class=\"gfield_required gfield_required_text\" data-no-translation=\"\" data-trp-gettext=\"\">(Gerekli)<\/span><\/span><\/label><div class='ginput_container ginput_container_textarea'><textarea name='input_10' id='input_3_10' class='textarea large'     aria-required=\"true\" aria-invalid=\"false\"   rows='10' cols='50'><\/textarea><\/div><\/div><fieldset id=\"field_3_11\"  class=\"gfield gfield--width-full gfield_contains_required field_sublabel_below field_description_below gfield_visibility_visible\"  data-js-reload=\"field_3_11\"><legend class='gfield_label gfield_label_before_complex'  >Hangi G\u00fcnlerde Kat\u0131lacaks\u0131n\u0131z?<span class=\"gfield_required\"><span class=\"gfield_required gfield_required_text\" data-no-translation=\"\" data-trp-gettext=\"\">(Gerekli)<\/span><\/span><\/legend><div class='ginput_container ginput_container_checkbox'><div class='gfield_checkbox' id='input_3_11'><div class='gchoice gchoice_3_11_1'>\n\t\t\t\t\t\t\t\t<input class='gfield-choice-input' name='input_11.1' type='checkbox'  value='All Days'  id='choice_3_11_1'   \/>\n\t\t\t\t\t\t\t\t<label for='choice_3_11_1' id='label_3_11_1'>T\u00fcm G\u00fcnler<\/label>\n\t\t\t\t\t\t\t<\/div><div class='gchoice gchoice_3_11_2'>\n\t\t\t\t\t\t\t\t<input class='gfield-choice-input' name='input_11.2' type='checkbox'  value='September 4'  id='choice_3_11_2'   \/>\n\t\t\t\t\t\t\t\t<label for='choice_3_11_2' id='label_3_11_2'>4 Eyl\u00fcl<\/label>\n\t\t\t\t\t\t\t<\/div><div class='gchoice gchoice_3_11_3'>\n\t\t\t\t\t\t\t\t<input class='gfield-choice-input' name='input_11.3' type='checkbox'  value='September 5'  id='choice_3_11_3'   \/>\n\t\t\t\t\t\t\t\t<label for='choice_3_11_3' id='label_3_11_3'>5 Eyl\u00fcl<\/label>\n\t\t\t\t\t\t\t<\/div><div class='gchoice gchoice_3_11_4'>\n\t\t\t\t\t\t\t\t<input class='gfield-choice-input' name='input_11.4' type='checkbox'  value='September 6'  id='choice_3_11_4'   \/>\n\t\t\t\t\t\t\t\t<label for='choice_3_11_4' id='label_3_11_4'>6 Eyl\u00fcl<\/label>\n\t\t\t\t\t\t\t<\/div><\/div><\/div><\/fieldset><div id=\"field_3_12\"  class=\"gfield gfield--width-full gfield_contains_required field_sublabel_below field_description_below gfield_visibility_visible\"  data-js-reload=\"field_3_12\"><label class='gfield_label' for='input_3_12' >Dekont<span class=\"gfield_required\"><span class=\"gfield_required gfield_required_text\" data-no-translation=\"\" data-trp-gettext=\"\">(Gerekli)<\/span><\/span><\/label><div class='ginput_container ginput_container_fileupload'><input type='hidden' name='MAX_FILE_SIZE' value='2097152' \/><input name='input_12' id='input_3_12' type='file' class='large' aria-describedby=\"gfield_upload_rules_3_12 gfield_description_3_12\" onchange='javascript:gformValidateFileSize( this, 2097152 );'  \/><span class='gform_fileupload_rules' id='gfield_upload_rules_3_12'>Kabul edilen dosya t\u00fcrleri: jpg, pdf, png, zip, rar, Azami dosya boyutu: 2 MB.<\/span><div class='validation_message validation_message--hidden-on-empty' id='live_validation_message_3_12'><\/div><\/div><div class='gfield_description' id='gfield_description_3_12'>Dinleyici olarak kat\u0131l\u0131m \u00fccreti 200\u20ba'dir. \u00d6demeyi belirtilen \u00f6deme y\u00f6ntemini kullanarak ger\u00e7ekle\u015ftirebilirsiniz.<\/div><\/div><\/div><\/div>\n        <div class='gform_footer top_label'> <input type='submit' id='gform_submit_button_3' class='gform_button button' value='G\u00f6nder'  onclick='if(window[\"gf_submitting_3\"]){return false;}  if( !jQuery(\"#gform_3\")[0].checkValidity || jQuery(\"#gform_3\")[0].checkValidity()){window[\"gf_submitting_3\"]=true;}  ' onkeypress='if( event.keyCode == 13 ){ if(window[\"gf_submitting_3\"]){return false;} if( !jQuery(\"#gform_3\")[0].checkValidity || jQuery(\"#gform_3\")[0].checkValidity()){window[\"gf_submitting_3\"]=true;}  jQuery(\"#gform_3\").trigger(\"submit\",[true]); }' \/> \n            <input type='hidden' class='gform_hidden' name='is_submit_3' value='1' \/>\n            <input type='hidden' class='gform_hidden' name='gform_submit' value='3' \/>\n            \n            <input type='hidden' class='gform_hidden' name='gform_unique_id' value='' \/>\n            <input type='hidden' class='gform_hidden' name='state_3' value='WyJ7XCI0XCI6W1wiZTFmNmU1NmEwOTFhMzg0NmI3MjI5Y2VmZDQ2ZjJmZDRcIixcIjFiODk5NmI2ZTY3NTcwMDU0OTM2ZjcyOTk2NjQyMzc2XCJdLFwiOVwiOltcIjU5ODkwMTVlNzRiMzgwNTI2YzM2ZmZmYmNhMDI4OTYyXCIsXCJiZTlmNTc4MTIxYThmNzdmZGNjZDJiZTY1NTQ1NTIwZlwiLFwiMDM2OWNhYWVlNzk5NzMwNDMxOTUwYzZkZTMwNmM4NjhcIixcIjZjYTA0MTg0MmU5YTYxYWQ0MmYxZGQ3ZTgwNmI0NGFjXCJdfSIsIjA1ZGIyNDJhY2YyMDUyMGNmZDdiNWQzNWU4OTlkYmNhIl0=' \/>\n            <input type='hidden' class='gform_hidden' name='gform_target_page_number_3' id='gform_target_page_number_3' value='0' \/>\n            <input type='hidden' class='gform_hidden' name='gform_source_page_number_3' id='gform_source_page_number_3' value='1' \/>\n            <input type='hidden' name='gform_field_values' value='' \/>\n            \n        <\/div>\n                        <p style=\"display: none !important;\"><label>&#916;<textarea name=\"ak_hp_textarea\" cols=\"45\" rows=\"8\" maxlength=\"100\"><\/textarea><\/label><input type=\"hidden\" id=\"ak_js_1\" name=\"ak_js\" value=\"156\"\/><script>document.getElementById( \"ak_js_1\" ).setAttribute( \"value\", ( new Date() ).getTime() );<\/script><\/p><input type=\"hidden\" name=\"trp-form-language\" value=\"tr\"\/><\/form>\n                        <\/div><\/div>\n\t\t\t\t<\/div>\n\t\t\t\t<\/div>\n\t\t\t\t\t<\/div>\n\t\t<\/div>\n\t\t\t\t\t\t\t<\/div>\n\t\t<\/section>\n\t\t\t\t\t\t\t<\/div>","protected":false},"excerpt":{"rendered":"<p>Listener Participation Participation fee as a listener is 200\u20ba. You can make the payment using the specified payment method.<\/p>","protected":false},"author":1,"featured_media":0,"parent":0,"menu_order":0,"comment_status":"closed","ping_status":"closed","template":"","meta":{"footnotes":""},"class_list":["post-1020","page","type-page","status-publish","hentry"],"_links":{"self":[{"href":"https:\/\/icmld.com\/tr\/wp-json\/wp\/v2\/pages\/1020","targetHints":{"allow":["GET"]}}],"collection":[{"href":"https:\/\/icmld.com\/tr\/wp-json\/wp\/v2\/pages"}],"about":[{"href":"https:\/\/icmld.com\/tr\/wp-json\/wp\/v2\/types\/page"}],"author":[{"embeddable":true,"href":"https:\/\/icmld.com\/tr\/wp-json\/wp\/v2\/users\/1"}],"replies":[{"embeddable":true,"href":"https:\/\/icmld.com\/tr\/wp-json\/wp\/v2\/comments?post=1020"}],"version-history":[{"count":13,"href":"https:\/\/icmld.com\/tr\/wp-json\/wp\/v2\/pages\/1020\/revisions"}],"predecessor-version":[{"id":1310,"href":"https:\/\/icmld.com\/tr\/wp-json\/wp\/v2\/pages\/1020\/revisions\/1310"}],"wp:attachment":[{"href":"https:\/\/icmld.com\/tr\/wp-json\/wp\/v2\/media?parent=1020"}],"curies":[{"name":"wp","href":"https:\/\/api.w.org\/{rel}","templated":true}]}}